{"id":93585,"date":"2019-07-11T13:54:40","date_gmt":"2019-07-11T13:54:40","guid":{"rendered":"https:\/\/www.3p-gmbh.de\/produkt\/lavatorios-de-lavagem-e-limpeza-lefra\/"},"modified":"2019-07-11T13:54:40","modified_gmt":"2019-07-11T13:54:40","slug":"lavatorio","status":"publish","type":"product","link":"https:\/\/www.3p-gmbh.de\/pt-br\/produkt\/lavatorio\/","title":{"rendered":"Lavat\u00f3rios de lavagem e limpeza Lefra"},"content":{"rendered":"<ul>\n<li>Bacia de lavagem e limpeza<\/li>\n<li>para rolos anilox e l\u00e2minas raspadoras, rolos de m\u00e1quinas de revela\u00e7\u00e3o, etc.<\/li>\n<li>Dimens\u00e3o interior largura 1450 (topo +15cm) x profundidade 600 mm<\/li>\n<\/ul>\n","protected":false},"excerpt":{"rendered":"<p>Bacia de lavagem e limpeza para rolos anilox e l\u00e2minas raspadoras, rolos de m\u00e1quinas de revela\u00e7\u00e3o, etc. Dimens\u00e3o interior largura 1450 (topo +15cm) x profundidade 600 mm<\/p>\n","protected":false},"featured_media":65667,"template":"","meta":[],"product_brand":[],"product_cat":[2898],"product_tag":[],"class_list":{"0":"post-93585","1":"product","2":"type-product","3":"status-publish","4":"has-post-thumbnail","6":"product_cat-acessorios-e-pecas-sobressalentes-para-prensas","7":"pa_baujahr-127","8":"pa_hersteller-lefra","9":"pa_typ-auswasch-und-reinigungsbecken","11":"first","12":"instock","13":"sold-individually","14":"taxable","15":"shipping-taxable","16":"purchasable","17":"product-type-simple"},"jetpack_sharing_enabled":true,"_links":{"self":[{"href":"https:\/\/www.3p-gmbh.de\/pt-br\/wp-json\/wp\/v2\/product\/93585","targetHints":{"allow":["GET"]}}],"collection":[{"href":"https:\/\/www.3p-gmbh.de\/pt-br\/wp-json\/wp\/v2\/product"}],"about":[{"href":"https:\/\/www.3p-gmbh.de\/pt-br\/wp-json\/wp\/v2\/types\/product"}],"wp:featuredmedia":[{"embeddable":true,"href":"https:\/\/www.3p-gmbh.de\/pt-br\/wp-json\/wp\/v2\/media\/65667"}],"wp:attachment":[{"href":"https:\/\/www.3p-gmbh.de\/pt-br\/wp-json\/wp\/v2\/media?parent=93585"}],"wp:term":[{"taxonomy":"product_brand","embeddable":true,"href":"https:\/\/www.3p-gmbh.de\/pt-br\/wp-json\/wp\/v2\/product_brand?post=93585"},{"taxonomy":"product_cat","embeddable":true,"href":"https:\/\/www.3p-gmbh.de\/pt-br\/wp-json\/wp\/v2\/product_cat?post=93585"},{"taxonomy":"product_tag","embeddable":true,"href":"https:\/\/www.3p-gmbh.de\/pt-br\/wp-json\/wp\/v2\/product_tag?post=93585"}],"curies":[{"name":"wp","href":"https:\/\/api.w.org\/{rel}","templated":true}]}}