{"id":93572,"date":"2019-07-11T13:54:47","date_gmt":"2019-07-11T13:54:47","guid":{"rendered":"https:\/\/www.3p-gmbh.de\/produkt\/machado-technografica-placa-de-impressao-mesa-intermedia-de-rua\/"},"modified":"2019-07-11T13:54:47","modified_gmt":"2019-07-11T13:54:47","slug":"linha-de-placas-de-impressao-mesa-intermedia","status":"publish","type":"product","link":"https:\/\/www.3p-gmbh.de\/pt-br\/produkt\/linha-de-placas-de-impressao-mesa-intermedia\/","title":{"rendered":"Machado \/ Technografica Placa de impress\u00e3o Mesa interm\u00e9dia de rua"},"content":{"rendered":"<ul>\n<li>transportador de canto acionado machado de mesa TSR 1500-L 1800<\/li>\n<li>Largura de entrada 1500 mm<\/li>\n<li>Sa\u00edda direita ou esquerda aprox. 1800 mm<\/li>\n<li>mesa interm\u00e9dia de acionamento largura de alimenta\u00e7\u00e3o 1500mm<\/li>\n<li>Catraca TSR 1200-L 1500<\/li>\n<\/ul>\n","protected":false},"excerpt":{"rendered":"<p>transportador de canto acionado machado de mesa TSR 1500-L 1800 Largura de entrada 1500 mm Sa\u00edda direita ou esquerda aprox. 1800 mm mesa interm\u00e9dia de acionamento largura de alimenta\u00e7\u00e3o 1500mm Catraca TSR 1200-L 1500<\/p>\n","protected":false},"featured_media":65700,"template":"","meta":[],"product_brand":[],"product_cat":[2997],"product_tag":[],"class_list":{"0":"post-93572","1":"product","2":"type-product","3":"status-publish","4":"has-post-thumbnail","6":"product_cat-processamento-de-chapas-de-impressao-pt-br","7":"pa_baujahr-205","8":"pa_hersteller-beil-nela-technografica","9":"pa_typ-tsr-1500-l-1800","11":"first","12":"instock","13":"sold-individually","14":"taxable","15":"shipping-taxable","16":"purchasable","17":"product-type-simple"},"jetpack_sharing_enabled":true,"_links":{"self":[{"href":"https:\/\/www.3p-gmbh.de\/pt-br\/wp-json\/wp\/v2\/product\/93572","targetHints":{"allow":["GET"]}}],"collection":[{"href":"https:\/\/www.3p-gmbh.de\/pt-br\/wp-json\/wp\/v2\/product"}],"about":[{"href":"https:\/\/www.3p-gmbh.de\/pt-br\/wp-json\/wp\/v2\/types\/product"}],"wp:featuredmedia":[{"embeddable":true,"href":"https:\/\/www.3p-gmbh.de\/pt-br\/wp-json\/wp\/v2\/media\/65700"}],"wp:attachment":[{"href":"https:\/\/www.3p-gmbh.de\/pt-br\/wp-json\/wp\/v2\/media?parent=93572"}],"wp:term":[{"taxonomy":"product_brand","embeddable":true,"href":"https:\/\/www.3p-gmbh.de\/pt-br\/wp-json\/wp\/v2\/product_brand?post=93572"},{"taxonomy":"product_cat","embeddable":true,"href":"https:\/\/www.3p-gmbh.de\/pt-br\/wp-json\/wp\/v2\/product_cat?post=93572"},{"taxonomy":"product_tag","embeddable":true,"href":"https:\/\/www.3p-gmbh.de\/pt-br\/wp-json\/wp\/v2\/product_tag?post=93572"}],"curies":[{"name":"wp","href":"https:\/\/api.w.org\/{rel}","templated":true}]}}