{"id":93550,"date":"2019-07-11T13:54:54","date_gmt":"2019-07-11T13:54:54","guid":{"rendered":"https:\/\/www.3p-gmbh.de\/produkt\/cortador-ideal-5221-90-da-jug-priest\/"},"modified":"2019-07-11T13:54:54","modified_gmt":"2019-07-11T13:54:54","slug":"maquina-de-cortar-pilha-electrica","status":"publish","type":"product","link":"https:\/\/www.3p-gmbh.de\/pt-br\/produkt\/maquina-de-cortar-pilha-electrica\/","title":{"rendered":"Cortador Ideal 5221-90 da Jug &amp; Priest"},"content":{"rendered":"<ul>\n<li>com duas mesas de apoio<\/li>\n<li>Ecr\u00e3 de medi\u00e7\u00e3o digital, medi\u00e7\u00e3o em cm<\/li>\n<li>com desbloqueio bimanual<\/li>\n<li>Interpreta\u00e7\u00e3o de corte<\/li>\n<li>Cortador de pilha com 520 mm de largura de corte, espessura: 80 mm<\/li>\n<li>m\u00e1ximo. Dist\u00e2ncia entre o selim e a faca: 520 mm<\/li>\n<li>Prensagem el\u00e9ctrica e prensagem\/corte<\/li>\n<li>Interruptor principal e chave bloque\u00e1veis<\/li>\n<li>Retro-indicador com manivela para ajuste fino<\/li>\n<\/ul>\n","protected":false},"excerpt":{"rendered":"<p>com duas mesas de apoio Ecr\u00e3 de medi\u00e7\u00e3o digital, medi\u00e7\u00e3o em cm com desbloqueio bimanual Interpreta\u00e7\u00e3o de corte Cortador de pilha com 520 mm de largura de corte, espessura: 80 mm m\u00e1ximo. Dist\u00e2ncia entre o selim e a faca: 520 mm Prensagem el\u00e9ctrica e prensagem\/corte Interruptor principal e chave bloque\u00e1veis Retro-indicador com manivela para ajuste [&hellip;]<\/p>\n","protected":false},"featured_media":65775,"template":"","meta":[],"product_brand":[],"product_cat":[3017],"product_tag":[],"class_list":{"0":"post-93550","1":"product","2":"type-product","3":"status-publish","4":"has-post-thumbnail","6":"product_cat-maquinas-de-corte","7":"pa_baujahr-196","8":"pa_hersteller-krug-priester","9":"pa_typ-ideal-5221-90","11":"first","12":"instock","13":"sold-individually","14":"taxable","15":"shipping-taxable","16":"purchasable","17":"product-type-simple"},"jetpack_sharing_enabled":true,"_links":{"self":[{"href":"https:\/\/www.3p-gmbh.de\/pt-br\/wp-json\/wp\/v2\/product\/93550","targetHints":{"allow":["GET"]}}],"collection":[{"href":"https:\/\/www.3p-gmbh.de\/pt-br\/wp-json\/wp\/v2\/product"}],"about":[{"href":"https:\/\/www.3p-gmbh.de\/pt-br\/wp-json\/wp\/v2\/types\/product"}],"wp:featuredmedia":[{"embeddable":true,"href":"https:\/\/www.3p-gmbh.de\/pt-br\/wp-json\/wp\/v2\/media\/65775"}],"wp:attachment":[{"href":"https:\/\/www.3p-gmbh.de\/pt-br\/wp-json\/wp\/v2\/media?parent=93550"}],"wp:term":[{"taxonomy":"product_brand","embeddable":true,"href":"https:\/\/www.3p-gmbh.de\/pt-br\/wp-json\/wp\/v2\/product_brand?post=93550"},{"taxonomy":"product_cat","embeddable":true,"href":"https:\/\/www.3p-gmbh.de\/pt-br\/wp-json\/wp\/v2\/product_cat?post=93550"},{"taxonomy":"product_tag","embeddable":true,"href":"https:\/\/www.3p-gmbh.de\/pt-br\/wp-json\/wp\/v2\/product_tag?post=93550"}],"curies":[{"name":"wp","href":"https:\/\/api.w.org\/{rel}","templated":true}]}}