{"id":93543,"date":"2019-07-11T13:54:54","date_gmt":"2019-07-11T13:54:54","guid":{"rendered":"https:\/\/www.3p-gmbh.de\/produkt\/polar-mohr-tr-130-el-4-transomat-empilhador\/"},"modified":"2019-07-11T13:54:54","modified_gmt":"2019-07-11T13:54:54","slug":"empilhador","status":"publish","type":"product","link":"https:\/\/www.3p-gmbh.de\/pt-br\/produkt\/empilhador\/","title":{"rendered":"Polar Mohr TR 130 EL-4 Transomat &#8211; Empilhador"},"content":{"rendered":"<p>Como alternativa ao elevador de pilha para melhorar o desempenho (em p\u00e9 \u00e0 esquerda), podem ser utilizados Transomats para descarregar um cortador de alta velocidade. O Transomat coloca automaticamente as camadas divididas e n\u00e3o divididas nas paletes, continuando simultaneamente a cortar. Isto reduz os custos de produ\u00e7\u00e3o em 25 a 70 por cento, dependendo do programa de corte. Devido \u00e0 ponta de palete, o Transomat atinge uma precis\u00e3o de borda particularmente elevada.<\/p>\n<p>Vantagens:<\/p>\n<ul>\n<li>Aumento da produtividade: empilhamento ao mesmo tempo que o corte<\/li>\n<li>Melhoria da qualidade: as pilhas com bordos particularmente precisos podem ser processadas mais direta e rapidamente<\/li>\n<\/ul>\n","protected":false},"excerpt":{"rendered":"<p>Como alternativa ao elevador de pilha para melhorar o desempenho (em p\u00e9 \u00e0 esquerda), podem ser utilizados Transomats para descarregar um cortador de alta velocidade. O Transomat coloca automaticamente as camadas divididas e n\u00e3o divididas nas paletes, continuando simultaneamente a cortar. Isto reduz os custos de produ\u00e7\u00e3o em 25 a 70 por cento, dependendo do [&hellip;]<\/p>\n","protected":false},"featured_media":65787,"template":"","meta":[],"product_brand":[],"product_cat":[3017],"product_tag":[],"class_list":{"0":"post-93543","1":"product","2":"type-product","3":"status-publish","4":"has-post-thumbnail","6":"product_cat-maquinas-de-corte","7":"pa_baujahr-182","8":"pa_hersteller-polar-mohr","9":"pa_typ-transomat-tr-130-4-el","11":"first","12":"instock","13":"sold-individually","14":"taxable","15":"shipping-taxable","16":"purchasable","17":"product-type-simple"},"jetpack_sharing_enabled":true,"_links":{"self":[{"href":"https:\/\/www.3p-gmbh.de\/pt-br\/wp-json\/wp\/v2\/product\/93543","targetHints":{"allow":["GET"]}}],"collection":[{"href":"https:\/\/www.3p-gmbh.de\/pt-br\/wp-json\/wp\/v2\/product"}],"about":[{"href":"https:\/\/www.3p-gmbh.de\/pt-br\/wp-json\/wp\/v2\/types\/product"}],"wp:featuredmedia":[{"embeddable":true,"href":"https:\/\/www.3p-gmbh.de\/pt-br\/wp-json\/wp\/v2\/media\/65787"}],"wp:attachment":[{"href":"https:\/\/www.3p-gmbh.de\/pt-br\/wp-json\/wp\/v2\/media?parent=93543"}],"wp:term":[{"taxonomy":"product_brand","embeddable":true,"href":"https:\/\/www.3p-gmbh.de\/pt-br\/wp-json\/wp\/v2\/product_brand?post=93543"},{"taxonomy":"product_cat","embeddable":true,"href":"https:\/\/www.3p-gmbh.de\/pt-br\/wp-json\/wp\/v2\/product_cat?post=93543"},{"taxonomy":"product_tag","embeddable":true,"href":"https:\/\/www.3p-gmbh.de\/pt-br\/wp-json\/wp\/v2\/product_tag?post=93543"}],"curies":[{"name":"wp","href":"https:\/\/api.w.org\/{rel}","templated":true}]}}