{"id":93520,"date":"2019-07-11T13:54:54","date_gmt":"2019-07-11T13:54:54","guid":{"rendered":"https:\/\/www.3p-gmbh.de\/produkt\/linha-de-corte-polar-mohr-137-em-mon\/"},"modified":"2019-07-11T13:54:54","modified_gmt":"2019-07-11T13:54:54","slug":"grande-linha-de-corte","status":"publish","type":"product","link":"https:\/\/www.3p-gmbh.de\/pt-br\/produkt\/grande-linha-de-corte\/","title":{"rendered":"Linha de corte Polar Mohr 137 EM-MON"},"content":{"rendered":"<ul>\n<li>Empilhador Polar BFA 1000-G-3 com ventila\u00e7\u00e3o das camadas superiores<\/li>\n<li>Vibrador Polar RAB com rolo de expuls\u00e3o de ar<\/li>\n<li>Carregador de mesa traseira Transomat Polar (o material a cortar \u00e9 levado a uma altura de trabalho \u00f3ptima com um elevador de carga, colocado pelo operador no jogger autom\u00e1tico, deslocado e depois transportado pelo sistema de pin\u00e7as Autotrans para a mesa traseira do cortador de alta velocidade).<\/li>\n<li>Cortador de alta velocidade Polar 137 EM-MON, largura de inser\u00e7\u00e3o 137cm<\/li>\n<li>Empilhador Transomat Polar TR 1EL-145<\/li>\n<\/ul>\n","protected":false},"excerpt":{"rendered":"<p>Empilhador Polar BFA 1000-G-3 com ventila\u00e7\u00e3o das camadas superiores Vibrador Polar RAB com rolo de expuls\u00e3o de ar Carregador de mesa traseira Transomat Polar (o material a cortar \u00e9 levado a uma altura de trabalho \u00f3ptima com um elevador de carga, colocado pelo operador no jogger autom\u00e1tico, deslocado e depois transportado pelo sistema de pin\u00e7as [&hellip;]<\/p>\n","protected":false},"featured_media":65835,"template":"","meta":[],"product_brand":[],"product_cat":[3017],"product_tag":[],"class_list":{"0":"post-93520","1":"product","2":"type-product","3":"status-publish","4":"has-post-thumbnail","6":"product_cat-maquinas-de-corte","7":"pa_baujahr-155","8":"pa_hersteller-polar-mohr","9":"pa_typ-polar-137-em-mon","11":"first","12":"instock","13":"sold-individually","14":"taxable","15":"shipping-taxable","16":"purchasable","17":"product-type-simple"},"jetpack_sharing_enabled":true,"_links":{"self":[{"href":"https:\/\/www.3p-gmbh.de\/pt-br\/wp-json\/wp\/v2\/product\/93520","targetHints":{"allow":["GET"]}}],"collection":[{"href":"https:\/\/www.3p-gmbh.de\/pt-br\/wp-json\/wp\/v2\/product"}],"about":[{"href":"https:\/\/www.3p-gmbh.de\/pt-br\/wp-json\/wp\/v2\/types\/product"}],"wp:featuredmedia":[{"embeddable":true,"href":"https:\/\/www.3p-gmbh.de\/pt-br\/wp-json\/wp\/v2\/media\/65835"}],"wp:attachment":[{"href":"https:\/\/www.3p-gmbh.de\/pt-br\/wp-json\/wp\/v2\/media?parent=93520"}],"wp:term":[{"taxonomy":"product_brand","embeddable":true,"href":"https:\/\/www.3p-gmbh.de\/pt-br\/wp-json\/wp\/v2\/product_brand?post=93520"},{"taxonomy":"product_cat","embeddable":true,"href":"https:\/\/www.3p-gmbh.de\/pt-br\/wp-json\/wp\/v2\/product_cat?post=93520"},{"taxonomy":"product_tag","embeddable":true,"href":"https:\/\/www.3p-gmbh.de\/pt-br\/wp-json\/wp\/v2\/product_tag?post=93520"}],"curies":[{"name":"wp","href":"https:\/\/api.w.org\/{rel}","templated":true}]}}