{"id":93512,"date":"2019-07-11T13:54:54","date_gmt":"2019-07-11T13:54:54","guid":{"rendered":"https:\/\/www.3p-gmbh.de\/produkt\/segmentos-da-mesa-de-ar-polar-mohr\/"},"modified":"2019-07-11T13:54:54","modified_gmt":"2019-07-11T13:54:54","slug":"segmentos-de-mesa-de-ar","status":"publish","type":"product","link":"https:\/\/www.3p-gmbh.de\/pt-br\/produkt\/segmentos-de-mesa-de-ar\/","title":{"rendered":"Segmentos da mesa de ar Polar Mohr"},"content":{"rendered":"<p>Diferentes variantes dispon\u00edveis:<\/p>\n<p>1 Mesa de ar Polar Mohr segmento 100&#215;100 cm (sem compressor)<br \/>\nSuperf\u00edcie em a\u00e7o inoxid\u00e1vel niquelado<\/p>\n<p>1 Mesa de ar Polar Mohr segmento 25&#215;100 cm (sem compressor)<br \/>\nSuperf\u00edcie em a\u00e7o inoxid\u00e1vel niquelado<\/p>\n<p>1 Mesa de ar Polar Mohr segmento 75&#215;100 cm (sem compressor)<br \/>\nSuperf\u00edcie resofal<\/p>\n<p>1 Mesa de ar Polar Mohr segmento 75x75cm (sem compressor)<br \/>\nSuperf\u00edcie resofal<\/p>\n","protected":false},"excerpt":{"rendered":"<p>Diferentes variantes dispon\u00edveis: 1 Mesa de ar Polar Mohr segmento 100&#215;100 cm (sem compressor) Superf\u00edcie em a\u00e7o inoxid\u00e1vel niquelado 1 Mesa de ar Polar Mohr segmento 25&#215;100 cm (sem compressor) Superf\u00edcie em a\u00e7o inoxid\u00e1vel niquelado 1 Mesa de ar Polar Mohr segmento 75&#215;100 cm (sem compressor) Superf\u00edcie resofal 1 Mesa de ar Polar Mohr segmento [&hellip;]<\/p>\n","protected":false},"featured_media":65880,"template":"","meta":[],"product_brand":[],"product_cat":[3017],"product_tag":[],"class_list":{"0":"post-93512","1":"product","2":"type-product","3":"status-publish","4":"has-post-thumbnail","6":"product_cat-maquinas-de-corte","7":"pa_baujahr-205","8":"pa_hersteller-polar-mohr-hofheim","9":"pa_typ-luftbetttisch","11":"first","12":"instock","13":"sold-individually","14":"taxable","15":"shipping-taxable","16":"purchasable","17":"product-type-simple"},"jetpack_sharing_enabled":true,"_links":{"self":[{"href":"https:\/\/www.3p-gmbh.de\/pt-br\/wp-json\/wp\/v2\/product\/93512","targetHints":{"allow":["GET"]}}],"collection":[{"href":"https:\/\/www.3p-gmbh.de\/pt-br\/wp-json\/wp\/v2\/product"}],"about":[{"href":"https:\/\/www.3p-gmbh.de\/pt-br\/wp-json\/wp\/v2\/types\/product"}],"wp:featuredmedia":[{"embeddable":true,"href":"https:\/\/www.3p-gmbh.de\/pt-br\/wp-json\/wp\/v2\/media\/65880"}],"wp:attachment":[{"href":"https:\/\/www.3p-gmbh.de\/pt-br\/wp-json\/wp\/v2\/media?parent=93512"}],"wp:term":[{"taxonomy":"product_brand","embeddable":true,"href":"https:\/\/www.3p-gmbh.de\/pt-br\/wp-json\/wp\/v2\/product_brand?post=93512"},{"taxonomy":"product_cat","embeddable":true,"href":"https:\/\/www.3p-gmbh.de\/pt-br\/wp-json\/wp\/v2\/product_cat?post=93512"},{"taxonomy":"product_tag","embeddable":true,"href":"https:\/\/www.3p-gmbh.de\/pt-br\/wp-json\/wp\/v2\/product_tag?post=93512"}],"curies":[{"name":"wp","href":"https:\/\/api.w.org\/{rel}","templated":true}]}}