{"id":93502,"date":"2019-07-11T13:54:54","date_gmt":"2019-07-11T13:54:54","guid":{"rendered":"https:\/\/www.3p-gmbh.de\/produkt\/empilhador-baumann-ba-3-n\/"},"modified":"2019-07-11T13:54:54","modified_gmt":"2019-07-11T13:54:54","slug":"empilhador-2-2","status":"publish","type":"product","link":"https:\/\/www.3p-gmbh.de\/pt-br\/produkt\/empilhador-2-2\/","title":{"rendered":"Empilhador Baumann BA-3 N"},"content":{"rendered":"<p>O empilhador pode ser colocado no lado esquerdo da m\u00e1quina ao lado de qualquer marca de cortador (por exemplo, Polar Mohr, Perfecta, Schneider Senator, Wohlenberg). A forma mais f\u00e1cil e econ\u00f3mica de empilhar blanks simples e m\u00faltiplos com elevada precis\u00e3o. A coloca\u00e7\u00e3o manual de produtos n\u00e3o cortados ou cortados custa tempo e energia. Este processo \u00e9 automatizado, o material \u00e9 retomado ao n\u00edvel da mesa. A pilha est\u00e1 debaixo da mesa. S\u00f3 pode ser empilhado para baixo &#8211; a altura m\u00e1xima de empilhamento \u00e9 de 1400 mm. A tecnologia &#8211; especialmente o princ\u00edpio do ajuste autom\u00e1tico do formato &#8211; o material e o acabamento s\u00e3o de alta qualidade. Todas as defini\u00e7\u00f5es s\u00e3o efectuadas atrav\u00e9s do painel de controlo, que foi concebido como um ecr\u00e3 de texto simples.<\/p>\n<ul>\n<li>Padr\u00e3o de camadas m\u00e1x. 800 x 1200 mm<\/li>\n<li>Altura de empilhamento 1100 mm<\/li>\n<li>Peso da camada 150 kg<\/li>\n<li>Altura m\u00ednima da palete 130 mm<\/li>\n<\/ul>\n","protected":false},"excerpt":{"rendered":"<p>O empilhador pode ser colocado no lado esquerdo da m\u00e1quina ao lado de qualquer marca de cortador (por exemplo, Polar Mohr, Perfecta, Schneider Senator, Wohlenberg). A forma mais f\u00e1cil e econ\u00f3mica de empilhar blanks simples e m\u00faltiplos com elevada precis\u00e3o. A coloca\u00e7\u00e3o manual de produtos n\u00e3o cortados ou cortados custa tempo e energia. Este processo [&hellip;]<\/p>\n","protected":false},"featured_media":65916,"template":"","meta":[],"product_brand":[],"product_cat":[2978],"product_tag":[],"class_list":{"0":"post-93502","1":"product","2":"type-product","3":"status-publish","4":"has-post-thumbnail","6":"product_cat-elevadores-de-pilha-e-elevadores-de-pilha","7":"pa_baujahr-140","8":"pa_hersteller-baumann-maschinenbau","9":"pa_typ-ba-3-n","11":"first","12":"instock","13":"sold-individually","14":"taxable","15":"shipping-taxable","16":"purchasable","17":"product-type-simple"},"jetpack_sharing_enabled":true,"_links":{"self":[{"href":"https:\/\/www.3p-gmbh.de\/pt-br\/wp-json\/wp\/v2\/product\/93502","targetHints":{"allow":["GET"]}}],"collection":[{"href":"https:\/\/www.3p-gmbh.de\/pt-br\/wp-json\/wp\/v2\/product"}],"about":[{"href":"https:\/\/www.3p-gmbh.de\/pt-br\/wp-json\/wp\/v2\/types\/product"}],"wp:featuredmedia":[{"embeddable":true,"href":"https:\/\/www.3p-gmbh.de\/pt-br\/wp-json\/wp\/v2\/media\/65916"}],"wp:attachment":[{"href":"https:\/\/www.3p-gmbh.de\/pt-br\/wp-json\/wp\/v2\/media?parent=93502"}],"wp:term":[{"taxonomy":"product_brand","embeddable":true,"href":"https:\/\/www.3p-gmbh.de\/pt-br\/wp-json\/wp\/v2\/product_brand?post=93502"},{"taxonomy":"product_cat","embeddable":true,"href":"https:\/\/www.3p-gmbh.de\/pt-br\/wp-json\/wp\/v2\/product_cat?post=93502"},{"taxonomy":"product_tag","embeddable":true,"href":"https:\/\/www.3p-gmbh.de\/pt-br\/wp-json\/wp\/v2\/product_tag?post=93502"}],"curies":[{"name":"wp","href":"https:\/\/api.w.org\/{rel}","templated":true}]}}