{"id":93496,"date":"2019-07-11T13:55:08","date_gmt":"2019-07-11T13:55:08","guid":{"rendered":"https:\/\/www.3p-gmbh.de\/produkt\/cortador-polar-mohr-55-em\/"},"modified":"2019-07-11T13:55:08","modified_gmt":"2019-07-11T13:55:08","slug":"maquina-de-corte-5","status":"publish","type":"product","link":"https:\/\/www.3p-gmbh.de\/pt-br\/produkt\/maquina-de-corte-5\/","title":{"rendered":"Cortador Polar Mohr 55 EM"},"content":{"rendered":"<ul>\n<li>Controlo do programa EM<\/li>\n<li>Ajuste da press\u00e3o de press\u00e3o<\/li>\n<li>Tampa da mesa traseira<\/li>\n<li>Largura de corte: 55 cm<\/li>\n<li>Profundidade de inser\u00e7\u00e3o: 55 cm<\/li>\n<li>m\u00e1ximo. Altura de inser\u00e7\u00e3o: 10 cm<\/li>\n<li>Duas facas<\/li>\n<\/ul>\n","protected":false},"excerpt":{"rendered":"<p>Controlo do programa EM Ajuste da press\u00e3o de press\u00e3o Tampa da mesa traseira Largura de corte: 55 cm Profundidade de inser\u00e7\u00e3o: 55 cm m\u00e1ximo. Altura de inser\u00e7\u00e3o: 10 cm Duas facas<\/p>\n","protected":false},"featured_media":65922,"template":"","meta":[],"product_brand":[],"product_cat":[3017],"product_tag":[],"class_list":{"0":"post-93496","1":"product","2":"type-product","3":"status-publish","4":"has-post-thumbnail","6":"product_cat-maquinas-de-corte","7":"pa_baujahr-266","8":"pa_hersteller-polar-mohr-hofheim","9":"pa_typ-polar-55-em","11":"first","12":"instock","13":"sold-individually","14":"taxable","15":"shipping-taxable","16":"purchasable","17":"product-type-simple"},"jetpack_sharing_enabled":true,"_links":{"self":[{"href":"https:\/\/www.3p-gmbh.de\/pt-br\/wp-json\/wp\/v2\/product\/93496","targetHints":{"allow":["GET"]}}],"collection":[{"href":"https:\/\/www.3p-gmbh.de\/pt-br\/wp-json\/wp\/v2\/product"}],"about":[{"href":"https:\/\/www.3p-gmbh.de\/pt-br\/wp-json\/wp\/v2\/types\/product"}],"wp:featuredmedia":[{"embeddable":true,"href":"https:\/\/www.3p-gmbh.de\/pt-br\/wp-json\/wp\/v2\/media\/65922"}],"wp:attachment":[{"href":"https:\/\/www.3p-gmbh.de\/pt-br\/wp-json\/wp\/v2\/media?parent=93496"}],"wp:term":[{"taxonomy":"product_brand","embeddable":true,"href":"https:\/\/www.3p-gmbh.de\/pt-br\/wp-json\/wp\/v2\/product_brand?post=93496"},{"taxonomy":"product_cat","embeddable":true,"href":"https:\/\/www.3p-gmbh.de\/pt-br\/wp-json\/wp\/v2\/product_cat?post=93496"},{"taxonomy":"product_tag","embeddable":true,"href":"https:\/\/www.3p-gmbh.de\/pt-br\/wp-json\/wp\/v2\/product_tag?post=93496"}],"curies":[{"name":"wp","href":"https:\/\/api.w.org\/{rel}","templated":true}]}}