{"id":93489,"date":"2019-07-11T13:54:22","date_gmt":"2019-07-11T13:54:22","guid":{"rendered":"https:\/\/www.3p-gmbh.de\/produkt\/scanner-plano-topo-de-gama-fuji-lanovia-c-550\/"},"modified":"2019-07-11T13:54:22","modified_gmt":"2019-07-11T13:54:22","slug":"scanner-plano-de-alta-qualidade","status":"publish","type":"product","link":"https:\/\/www.3p-gmbh.de\/pt-br\/produkt\/scanner-plano-de-alta-qualidade\/","title":{"rendered":"Scanner plano topo de gama Fuji Lanovia C-550"},"content":{"rendered":"<p>A unidade possui as seguintes caracter\u00edsticas:<\/p>\n<ul>\n<li>Ferramenta de redigita\u00e7\u00e3o Copy-Dot para o processamento de pel\u00edculas de separa\u00e7\u00e3o de cores existentes<\/li>\n<li>Scanner plano com cabe\u00e7a de leitura m\u00f3vel em toda a gama de leitura (vidro de leitura fixo)<\/li>\n<li>CCD a cores trilinear 3 x 8000 p\u00edxeis<\/li>\n<li>16 bits \/ cor<\/li>\n<li>m\u00e1ximo. Densidade 3.9 max<\/li>\n<li>resolu\u00e7\u00e3o \u00f3tica 5000 dpi<\/li>\n<li>\u00c1rea de digitaliza\u00e7\u00e3o 350 x 470 mm<\/li>\n<li>Modelos Transpar\u00eancia (pos., neg.), vista superior, diapositivos, objectos 3D<\/li>\n<li>Gama de amplia\u00e7\u00e3o 20-3000<\/li>\n<li>Formatos de ficheiro suportados: EPS, Tiff, RGB, BitmapPict, etc.<\/li>\n<\/ul>\n","protected":false},"excerpt":{"rendered":"<p>A unidade possui as seguintes caracter\u00edsticas: Ferramenta de redigita\u00e7\u00e3o Copy-Dot para o processamento de pel\u00edculas de separa\u00e7\u00e3o de cores existentes Scanner plano com cabe\u00e7a de leitura m\u00f3vel em toda a gama de leitura (vidro de leitura fixo) CCD a cores trilinear 3 x 8000 p\u00edxeis 16 bits \/ cor m\u00e1ximo. Densidade 3.9 max resolu\u00e7\u00e3o \u00f3tica [&hellip;]<\/p>\n","protected":false},"featured_media":62460,"template":"","meta":[],"product_brand":[],"product_cat":[3098],"product_tag":[],"class_list":{"0":"post-93489","1":"product","2":"type-product","3":"status-publish","4":"has-post-thumbnail","6":"product_cat-scanner-de-mesa","7":"pa_baujahr-188","8":"pa_hersteller-fuji-lanovia","9":"pa_typ-c-550","11":"first","12":"instock","13":"sold-individually","14":"taxable","15":"shipping-taxable","16":"purchasable","17":"product-type-simple"},"jetpack_sharing_enabled":true,"_links":{"self":[{"href":"https:\/\/www.3p-gmbh.de\/pt-br\/wp-json\/wp\/v2\/product\/93489","targetHints":{"allow":["GET"]}}],"collection":[{"href":"https:\/\/www.3p-gmbh.de\/pt-br\/wp-json\/wp\/v2\/product"}],"about":[{"href":"https:\/\/www.3p-gmbh.de\/pt-br\/wp-json\/wp\/v2\/types\/product"}],"wp:featuredmedia":[{"embeddable":true,"href":"https:\/\/www.3p-gmbh.de\/pt-br\/wp-json\/wp\/v2\/media\/62460"}],"wp:attachment":[{"href":"https:\/\/www.3p-gmbh.de\/pt-br\/wp-json\/wp\/v2\/media?parent=93489"}],"wp:term":[{"taxonomy":"product_brand","embeddable":true,"href":"https:\/\/www.3p-gmbh.de\/pt-br\/wp-json\/wp\/v2\/product_brand?post=93489"},{"taxonomy":"product_cat","embeddable":true,"href":"https:\/\/www.3p-gmbh.de\/pt-br\/wp-json\/wp\/v2\/product_cat?post=93489"},{"taxonomy":"product_tag","embeddable":true,"href":"https:\/\/www.3p-gmbh.de\/pt-br\/wp-json\/wp\/v2\/product_tag?post=93489"}],"curies":[{"name":"wp","href":"https:\/\/api.w.org\/{rel}","templated":true}]}}