{"id":93485,"date":"2019-07-11T13:54:18","date_gmt":"2019-07-11T13:54:18","guid":{"rendered":"https:\/\/www.3p-gmbh.de\/produkt\/fluxo-de-trabalho-kodak-prinergy-versao-5-1-2\/"},"modified":"2019-07-11T13:54:18","modified_gmt":"2019-07-11T13:54:18","slug":"prinergy-workflow-version-5-1-2","status":"publish","type":"product","link":"https:\/\/www.3p-gmbh.de\/pt-br\/produkt\/prinergy-workflow-version-5-1-2\/","title":{"rendered":"Fluxo de trabalho Kodak Prinergy Vers\u00e3o 5.1.2"},"content":{"rendered":"<ul>\n<li>com op\u00e7\u00e3o de sa\u00edda 8-up CtP<\/li>\n<li>Pr\u00e9-instalado em hardware certificado da Dell<\/li>\n<li>Dongle com informa\u00e7\u00f5es sobre a licen\u00e7a<\/li>\n<\/ul>\n","protected":false},"excerpt":{"rendered":"<p>com op\u00e7\u00e3o de sa\u00edda 8-up CtP Pr\u00e9-instalado em hardware certificado da Dell Dongle com informa\u00e7\u00f5es sobre a licen\u00e7a<\/p>\n","protected":false},"featured_media":65232,"template":"","meta":[],"product_brand":[],"product_cat":[3007],"product_tag":[],"class_list":{"0":"post-93485","1":"product","2":"type-product","3":"status-publish","4":"has-post-thumbnail","6":"product_cat-software-de-pre-impressao","7":"pa_baujahr-137","8":"pa_hersteller-kodak","9":"pa_typ-prinergy-5-1-2","11":"first","12":"instock","13":"sold-individually","14":"taxable","15":"shipping-taxable","16":"purchasable","17":"product-type-simple"},"jetpack_sharing_enabled":true,"_links":{"self":[{"href":"https:\/\/www.3p-gmbh.de\/pt-br\/wp-json\/wp\/v2\/product\/93485","targetHints":{"allow":["GET"]}}],"collection":[{"href":"https:\/\/www.3p-gmbh.de\/pt-br\/wp-json\/wp\/v2\/product"}],"about":[{"href":"https:\/\/www.3p-gmbh.de\/pt-br\/wp-json\/wp\/v2\/types\/product"}],"wp:featuredmedia":[{"embeddable":true,"href":"https:\/\/www.3p-gmbh.de\/pt-br\/wp-json\/wp\/v2\/media\/65232"}],"wp:attachment":[{"href":"https:\/\/www.3p-gmbh.de\/pt-br\/wp-json\/wp\/v2\/media?parent=93485"}],"wp:term":[{"taxonomy":"product_brand","embeddable":true,"href":"https:\/\/www.3p-gmbh.de\/pt-br\/wp-json\/wp\/v2\/product_brand?post=93485"},{"taxonomy":"product_cat","embeddable":true,"href":"https:\/\/www.3p-gmbh.de\/pt-br\/wp-json\/wp\/v2\/product_cat?post=93485"},{"taxonomy":"product_tag","embeddable":true,"href":"https:\/\/www.3p-gmbh.de\/pt-br\/wp-json\/wp\/v2\/product_tag?post=93485"}],"curies":[{"name":"wp","href":"https:\/\/api.w.org\/{rel}","templated":true}]}}