{"id":93469,"date":"2019-07-11T13:54:22","date_gmt":"2019-07-11T13:54:22","guid":{"rendered":"https:\/\/www.3p-gmbh.de\/produkt\/scanner-plano-linotype-hell-topaz\/"},"modified":"2019-07-11T13:54:22","modified_gmt":"2019-07-11T13:54:22","slug":"scanner-plano","status":"publish","type":"product","link":"https:\/\/www.3p-gmbh.de\/pt-br\/produkt\/scanner-plano\/","title":{"rendered":"Scanner plano Linotype-Hell Topaz"},"content":{"rendered":"<ul>\n<li>com o software de digitaliza\u00e7\u00e3o LinoColor 6.0 para Mac<\/li>\n<li>Linha CCD a cores trilinear<\/li>\n<li>AutoScaling para c\u00e1lculo cont\u00ednuo da escala no scanner<\/li>\n<li>AutoSharpening para c\u00e1lculos optimizados e r\u00e1pidos no scanner<\/li>\n<li>1 tabuleiro universal para supervis\u00e3o\/visualiza\u00e7\u00e3o de originais, m\u00e1x. Formato 305x457mm<\/li>\n<li>Mesa de luz integrada no scanner<\/li>\n<li>R\u00e9guas de montagem para um alinhamento exato dos modelos no suporte de modelos<\/li>\n<li>Formato original m\u00e1x. 305x457mm para vista de topo, 210x457mm para vista transparente<\/li>\n<li>Tipos de originais Transpar\u00eancia e vista superior, cor e preto e branco, meio-tom e originais de linhas, positivos e negativos, originais 3 D at\u00e9 ao m\u00e1ximo. 20 mm de altura<\/li>\n<li>Gama de escala: 20 &#8211; 2000%<\/li>\n<li>C\u00e1lculo da escala cont\u00ednua com hardware AutoScaling<\/li>\n<li>C\u00e1lculo da nitidez Hardware de AutoSharpening no scanner<\/li>\n<li>Resolu\u00e7\u00e3o m\u00e1xima de digitaliza\u00e7\u00e3o: \u00f3tica 3800 ppp, resolu\u00e7\u00e3o interpolada 8150 ppp<\/li>\n<li>Gama de densidade diferenci\u00e1vel 3,7 D, medida na sa\u00edda da pel\u00edcula de uma cunha cinzenta<\/li>\n<li>Densidade resol\u00favel m\u00e1x. 4,0 D, medido na sa\u00edda da pel\u00edcula de uma cunha cinzenta<\/li>\n<li>Interface SCSI<\/li>\n<\/ul>\n","protected":false},"excerpt":{"rendered":"<p>com o software de digitaliza\u00e7\u00e3o LinoColor 6.0 para Mac Linha CCD a cores trilinear AutoScaling para c\u00e1lculo cont\u00ednuo da escala no scanner AutoSharpening para c\u00e1lculos optimizados e r\u00e1pidos no scanner 1 tabuleiro universal para supervis\u00e3o\/visualiza\u00e7\u00e3o de originais, m\u00e1x. Formato 305x457mm Mesa de luz integrada no scanner R\u00e9guas de montagem para um alinhamento exato dos modelos [&hellip;]<\/p>\n","protected":false},"featured_media":65256,"template":"","meta":[],"product_brand":[],"product_cat":[3098],"product_tag":[],"class_list":{"0":"post-93469","1":"product","2":"type-product","3":"status-publish","4":"has-post-thumbnail","6":"product_cat-scanner-de-mesa","7":"pa_baujahr-194","8":"pa_hersteller-linotype-hell","9":"pa_typ-topaz-i","11":"first","12":"instock","13":"sold-individually","14":"taxable","15":"shipping-taxable","16":"purchasable","17":"product-type-simple"},"jetpack_sharing_enabled":true,"_links":{"self":[{"href":"https:\/\/www.3p-gmbh.de\/pt-br\/wp-json\/wp\/v2\/product\/93469","targetHints":{"allow":["GET"]}}],"collection":[{"href":"https:\/\/www.3p-gmbh.de\/pt-br\/wp-json\/wp\/v2\/product"}],"about":[{"href":"https:\/\/www.3p-gmbh.de\/pt-br\/wp-json\/wp\/v2\/types\/product"}],"wp:featuredmedia":[{"embeddable":true,"href":"https:\/\/www.3p-gmbh.de\/pt-br\/wp-json\/wp\/v2\/media\/65256"}],"wp:attachment":[{"href":"https:\/\/www.3p-gmbh.de\/pt-br\/wp-json\/wp\/v2\/media?parent=93469"}],"wp:term":[{"taxonomy":"product_brand","embeddable":true,"href":"https:\/\/www.3p-gmbh.de\/pt-br\/wp-json\/wp\/v2\/product_brand?post=93469"},{"taxonomy":"product_cat","embeddable":true,"href":"https:\/\/www.3p-gmbh.de\/pt-br\/wp-json\/wp\/v2\/product_cat?post=93469"},{"taxonomy":"product_tag","embeddable":true,"href":"https:\/\/www.3p-gmbh.de\/pt-br\/wp-json\/wp\/v2\/product_tag?post=93469"}],"curies":[{"name":"wp","href":"https:\/\/api.w.org\/{rel}","templated":true}]}}