{"id":93456,"date":"2019-07-11T13:54:22","date_gmt":"2019-07-11T13:54:22","guid":{"rendered":"https:\/\/www.3p-gmbh.de\/produkt\/scanner-plano-creo-scitex-eversmart\/"},"modified":"2019-07-11T13:54:22","modified_gmt":"2019-07-11T13:54:22","slug":"scanner-plano-2","status":"publish","type":"product","link":"https:\/\/www.3p-gmbh.de\/pt-br\/produkt\/scanner-plano-2\/","title":{"rendered":"Scanner plano Creo-Scitex Eversmart"},"content":{"rendered":"<ul>\n<li>Scanner plano com cabe\u00e7a de leitura m\u00f3vel em toda a gama de leitura (vidro de leitura fixo)<\/li>\n<li>CCD a cores trilinear 3 x 8000 p\u00edxeis<\/li>\n<li>Precis\u00e3o do padr\u00e3o 14 bit \/ pixel<\/li>\n<li>m\u00e1ximo. Densidade 4.0 max<\/li>\n<li>resolu\u00e7\u00e3o \u00f3tica 3150 dpi<\/li>\n<li>\u00c1rea de digitaliza\u00e7\u00e3o 305 x 432 mm<\/li>\n<li>Revis\u00e3o (pos., neg.), supervis\u00e3o, diapositivos<\/li>\n<li>m\u00e1ximo. Espessura original transparente 5 mm<\/li>\n<li>Amplia\u00e7\u00e3o a 300 dpi 20-2700 %<\/li>\n<li>Passos de amplia\u00e7\u00e3o 0,1 %<\/li>\n<li>Formatos de ficheiro suportados: Scitex CT, -LW, EPS, Tiff, Pict, etc.<\/li>\n<\/ul>\n","protected":false},"excerpt":{"rendered":"<p>Scanner plano com cabe\u00e7a de leitura m\u00f3vel em toda a gama de leitura (vidro de leitura fixo) CCD a cores trilinear 3 x 8000 p\u00edxeis Precis\u00e3o do padr\u00e3o 14 bit \/ pixel m\u00e1ximo. Densidade 4.0 max resolu\u00e7\u00e3o \u00f3tica 3150 dpi \u00c1rea de digitaliza\u00e7\u00e3o 305 x 432 mm Revis\u00e3o (pos., neg.), supervis\u00e3o, diapositivos m\u00e1ximo. Espessura original [&hellip;]<\/p>\n","protected":false},"featured_media":65268,"template":"","meta":[],"product_brand":[],"product_cat":[3098],"product_tag":[],"class_list":{"0":"post-93456","1":"product","2":"type-product","3":"status-publish","4":"has-post-thumbnail","6":"product_cat-scanner-de-mesa","7":"pa_baujahr-188","8":"pa_hersteller-creo-scitex","9":"pa_typ-eversmart-pro","11":"first","12":"instock","13":"sold-individually","14":"taxable","15":"shipping-taxable","16":"purchasable","17":"product-type-simple"},"jetpack_sharing_enabled":true,"_links":{"self":[{"href":"https:\/\/www.3p-gmbh.de\/pt-br\/wp-json\/wp\/v2\/product\/93456","targetHints":{"allow":["GET"]}}],"collection":[{"href":"https:\/\/www.3p-gmbh.de\/pt-br\/wp-json\/wp\/v2\/product"}],"about":[{"href":"https:\/\/www.3p-gmbh.de\/pt-br\/wp-json\/wp\/v2\/types\/product"}],"wp:featuredmedia":[{"embeddable":true,"href":"https:\/\/www.3p-gmbh.de\/pt-br\/wp-json\/wp\/v2\/media\/65268"}],"wp:attachment":[{"href":"https:\/\/www.3p-gmbh.de\/pt-br\/wp-json\/wp\/v2\/media?parent=93456"}],"wp:term":[{"taxonomy":"product_brand","embeddable":true,"href":"https:\/\/www.3p-gmbh.de\/pt-br\/wp-json\/wp\/v2\/product_brand?post=93456"},{"taxonomy":"product_cat","embeddable":true,"href":"https:\/\/www.3p-gmbh.de\/pt-br\/wp-json\/wp\/v2\/product_cat?post=93456"},{"taxonomy":"product_tag","embeddable":true,"href":"https:\/\/www.3p-gmbh.de\/pt-br\/wp-json\/wp\/v2\/product_tag?post=93456"}],"curies":[{"name":"wp","href":"https:\/\/api.w.org\/{rel}","templated":true}]}}