{"id":93455,"date":"2019-07-11T13:54:26","date_gmt":"2019-07-11T13:54:26","guid":{"rendered":"https:\/\/www.3p-gmbh.de\/produkt\/densitometro-de-pelicula-techkon-t-120\/"},"modified":"2019-07-11T13:54:26","modified_gmt":"2019-07-11T13:54:26","slug":"densitometro-3","status":"publish","type":"product","link":"https:\/\/www.3p-gmbh.de\/pt-br\/produkt\/densitometro-3\/","title":{"rendered":"Densit\u00f3metro de pel\u00edcula Techkon T 120"},"content":{"rendered":"<p><strong>Densit\u00f3metro de luz transmitida Techkon RT 120 com placa de luz LP 40<\/strong><br \/>\nutilizado<\/p>\n<p>Dados t\u00e9cnicos:<br \/>\n<strong>Profundidade de inser\u00e7\u00e3o de 40 cm com painel luminoso LP 40<\/strong><\/p>\n<p>Densidade Luz transmitida Gama de medi\u00e7\u00e3o: 0,00-; 6,00 D +-0,01 D<br \/>\nGama de medi\u00e7\u00e3o: 0-100% + &#8211; 1%<\/p>\n<p>Transmiss\u00e3o da densidade Gama de medi\u00e7\u00e3o: 0,00-6,00 D +-o.o1 D<br \/>\nTransmiss\u00e3o da medi\u00e7\u00e3o raster: 0-100% +- 1%<br \/>\nAbertura redonda de 3 mm<br \/>\nBateria de 9V NiMH<\/p>\n","protected":false},"excerpt":{"rendered":"<p>Densit\u00f3metro de luz transmitida Techkon RT 120 com placa de luz LP 40 utilizado Dados t\u00e9cnicos: Profundidade de inser\u00e7\u00e3o de 40 cm com painel luminoso LP 40 Densidade Luz transmitida Gama de medi\u00e7\u00e3o: 0,00-; 6,00 D +-0,01 D Gama de medi\u00e7\u00e3o: 0-100% + &#8211; 1% Transmiss\u00e3o da densidade Gama de medi\u00e7\u00e3o: 0,00-6,00 D +-o.o1 D [&hellip;]<\/p>\n","protected":false},"featured_media":117512,"template":"","meta":[],"product_brand":[],"product_cat":[2931],"product_tag":[],"class_list":{"0":"post-93455","1":"product","2":"type-product","3":"status-publish","4":"has-post-thumbnail","6":"product_cat-instrumentos-de-medicao-e-garantia-de-qualidade","7":"pa_baujahr-168","8":"pa_hersteller-techkon","9":"pa_typ-t-120-mit-leuchtplatte-lp20","11":"first","12":"instock","13":"sold-individually","14":"taxable","15":"shipping-taxable","16":"purchasable","17":"product-type-simple"},"jetpack_sharing_enabled":true,"_links":{"self":[{"href":"https:\/\/www.3p-gmbh.de\/pt-br\/wp-json\/wp\/v2\/product\/93455","targetHints":{"allow":["GET"]}}],"collection":[{"href":"https:\/\/www.3p-gmbh.de\/pt-br\/wp-json\/wp\/v2\/product"}],"about":[{"href":"https:\/\/www.3p-gmbh.de\/pt-br\/wp-json\/wp\/v2\/types\/product"}],"wp:featuredmedia":[{"embeddable":true,"href":"https:\/\/www.3p-gmbh.de\/pt-br\/wp-json\/wp\/v2\/media\/117512"}],"wp:attachment":[{"href":"https:\/\/www.3p-gmbh.de\/pt-br\/wp-json\/wp\/v2\/media?parent=93455"}],"wp:term":[{"taxonomy":"product_brand","embeddable":true,"href":"https:\/\/www.3p-gmbh.de\/pt-br\/wp-json\/wp\/v2\/product_brand?post=93455"},{"taxonomy":"product_cat","embeddable":true,"href":"https:\/\/www.3p-gmbh.de\/pt-br\/wp-json\/wp\/v2\/product_cat?post=93455"},{"taxonomy":"product_tag","embeddable":true,"href":"https:\/\/www.3p-gmbh.de\/pt-br\/wp-json\/wp\/v2\/product_tag?post=93455"}],"curies":[{"name":"wp","href":"https:\/\/api.w.org\/{rel}","templated":true}]}}