{"id":93447,"date":"2019-07-11T13:54:26","date_gmt":"2019-07-11T13:54:26","guid":{"rendered":"https:\/\/www.3p-gmbh.de\/produkt\/puncao-de-chapa-heidelberg-autoplate-220-425\/"},"modified":"2019-07-11T13:54:26","modified_gmt":"2019-07-11T13:54:26","slug":"puncao-de-placa-7","status":"publish","type":"product","link":"https:\/\/www.3p-gmbh.de\/pt-br\/produkt\/puncao-de-placa-7\/","title":{"rendered":"Pun\u00e7\u00e3o de chapa Heidelberg Autoplate 220\/425"},"content":{"rendered":"<ul>\n<li>Pun\u00e7\u00e3o de chapa para Heidelberg Speedmaster QM 46 ou GTO com padr\u00e3o de pun\u00e7\u00e3o de placa autom\u00e1tica redonda\/redonda de 220 mm ou GTO antigo<\/li>\n<li>Pun\u00e7\u00e3o de chapa autom\u00e1tico para Heidelberg Speedmaster SM 52 , Printmaster 52 ou GTO 52 com padr\u00e3o de pun\u00e7\u00e3o redondo\/canto de 425 mm<\/li>\n<\/ul>\n","protected":false},"excerpt":{"rendered":"<p>Pun\u00e7\u00e3o de chapa para Heidelberg Speedmaster QM 46 ou GTO com padr\u00e3o de pun\u00e7\u00e3o de placa autom\u00e1tica redonda\/redonda de 220 mm ou GTO antigo Pun\u00e7\u00e3o de chapa autom\u00e1tico para Heidelberg Speedmaster SM 52 , Printmaster 52 ou GTO 52 com padr\u00e3o de pun\u00e7\u00e3o redondo\/canto de 425 mm<\/p>\n","protected":false},"featured_media":65310,"template":"","meta":[],"product_brand":[],"product_cat":[2898],"product_tag":[],"class_list":{"0":"post-93447","1":"product","2":"type-product","3":"status-publish","4":"has-post-thumbnail","6":"product_cat-acessorios-e-pecas-sobressalentes-para-prensas","7":"pa_baujahr-168","8":"pa_hersteller-heidelberg","9":"pa_typ-autoplate-220mm-oder-425","11":"first","12":"instock","13":"sold-individually","14":"taxable","15":"shipping-taxable","16":"purchasable","17":"product-type-simple"},"jetpack_sharing_enabled":true,"_links":{"self":[{"href":"https:\/\/www.3p-gmbh.de\/pt-br\/wp-json\/wp\/v2\/product\/93447","targetHints":{"allow":["GET"]}}],"collection":[{"href":"https:\/\/www.3p-gmbh.de\/pt-br\/wp-json\/wp\/v2\/product"}],"about":[{"href":"https:\/\/www.3p-gmbh.de\/pt-br\/wp-json\/wp\/v2\/types\/product"}],"wp:featuredmedia":[{"embeddable":true,"href":"https:\/\/www.3p-gmbh.de\/pt-br\/wp-json\/wp\/v2\/media\/65310"}],"wp:attachment":[{"href":"https:\/\/www.3p-gmbh.de\/pt-br\/wp-json\/wp\/v2\/media?parent=93447"}],"wp:term":[{"taxonomy":"product_brand","embeddable":true,"href":"https:\/\/www.3p-gmbh.de\/pt-br\/wp-json\/wp\/v2\/product_brand?post=93447"},{"taxonomy":"product_cat","embeddable":true,"href":"https:\/\/www.3p-gmbh.de\/pt-br\/wp-json\/wp\/v2\/product_cat?post=93447"},{"taxonomy":"product_tag","embeddable":true,"href":"https:\/\/www.3p-gmbh.de\/pt-br\/wp-json\/wp\/v2\/product_tag?post=93447"}],"curies":[{"name":"wp","href":"https:\/\/api.w.org\/{rel}","templated":true}]}}