{"id":93443,"date":"2019-07-11T13:54:26","date_gmt":"2019-07-11T13:54:26","guid":{"rendered":"https:\/\/www.3p-gmbh.de\/produkt\/microescopio-digital-techkon-dms-910\/"},"modified":"2019-07-11T13:54:26","modified_gmt":"2019-07-11T13:54:26","slug":"microscopio-digital","status":"publish","type":"product","link":"https:\/\/www.3p-gmbh.de\/pt-br\/produkt\/microscopio-digital\/","title":{"rendered":"Microesc\u00f3pio digital Techkon DMS 910"},"content":{"rendered":"<p>Este densit\u00f3metro de chapa \u00e9 indispens\u00e1vel na impress\u00e3o offset para avaliar a c\u00f3pia da chapa, mas especialmente para calibrar a exposi\u00e7\u00e3o da chapa de impress\u00e3o CTP. Fornecido com mala de transporte, pano de limpeza, cabo de liga\u00e7\u00e3o USB para liga\u00e7\u00e3o ao PC, software DMS Pro. O dispositivo \u00e9 utilizado para a determina\u00e7\u00e3o exacta da cobertura da \u00e1rea, da regula\u00e7\u00e3o do ecr\u00e3 e do \u00e2ngulo do ecr\u00e3 em chapas de impress\u00e3o, pel\u00edculas e impress\u00f5es. Pode ser utilizado universalmente para diferentes tipos de chapas de impress\u00e3o e processos de serigrafia (tamb\u00e9m ecr\u00e3s FM).<\/p>\n","protected":false},"excerpt":{"rendered":"<p>Este densit\u00f3metro de chapa \u00e9 indispens\u00e1vel na impress\u00e3o offset para avaliar a c\u00f3pia da chapa, mas especialmente para calibrar a exposi\u00e7\u00e3o da chapa de impress\u00e3o CTP. Fornecido com mala de transporte, pano de limpeza, cabo de liga\u00e7\u00e3o USB para liga\u00e7\u00e3o ao PC, software DMS Pro. O dispositivo \u00e9 utilizado para a determina\u00e7\u00e3o exacta da cobertura [&hellip;]<\/p>\n","protected":false},"featured_media":65304,"template":"","meta":[],"product_brand":[],"product_cat":[2931],"product_tag":[],"class_list":{"0":"post-93443","1":"product","2":"type-product","3":"status-publish","4":"has-post-thumbnail","6":"product_cat-instrumentos-de-medicao-e-garantia-de-qualidade","7":"pa_baujahr-198","8":"pa_hersteller-techkon","9":"pa_typ-dms-910","11":"first","12":"instock","13":"sold-individually","14":"taxable","15":"shipping-taxable","16":"purchasable","17":"product-type-simple"},"jetpack_sharing_enabled":true,"_links":{"self":[{"href":"https:\/\/www.3p-gmbh.de\/pt-br\/wp-json\/wp\/v2\/product\/93443","targetHints":{"allow":["GET"]}}],"collection":[{"href":"https:\/\/www.3p-gmbh.de\/pt-br\/wp-json\/wp\/v2\/product"}],"about":[{"href":"https:\/\/www.3p-gmbh.de\/pt-br\/wp-json\/wp\/v2\/types\/product"}],"wp:featuredmedia":[{"embeddable":true,"href":"https:\/\/www.3p-gmbh.de\/pt-br\/wp-json\/wp\/v2\/media\/65304"}],"wp:attachment":[{"href":"https:\/\/www.3p-gmbh.de\/pt-br\/wp-json\/wp\/v2\/media?parent=93443"}],"wp:term":[{"taxonomy":"product_brand","embeddable":true,"href":"https:\/\/www.3p-gmbh.de\/pt-br\/wp-json\/wp\/v2\/product_brand?post=93443"},{"taxonomy":"product_cat","embeddable":true,"href":"https:\/\/www.3p-gmbh.de\/pt-br\/wp-json\/wp\/v2\/product_cat?post=93443"},{"taxonomy":"product_tag","embeddable":true,"href":"https:\/\/www.3p-gmbh.de\/pt-br\/wp-json\/wp\/v2\/product_tag?post=93443"}],"curies":[{"name":"wp","href":"https:\/\/api.w.org\/{rel}","templated":true}]}}