{"id":93437,"date":"2019-07-11T13:54:22","date_gmt":"2019-07-11T13:54:22","guid":{"rendered":"https:\/\/www.3p-gmbh.de\/produkt\/scanner-plano-heidelberg-nexscan-f-4200\/"},"modified":"2019-07-11T13:54:22","modified_gmt":"2019-07-11T13:54:22","slug":"scanner-de-cama-plana-3","status":"publish","type":"product","link":"https:\/\/www.3p-gmbh.de\/pt-br\/produkt\/scanner-de-cama-plana-3\/","title":{"rendered":"Scanner plano Heidelberg Nexscan F 4200"},"content":{"rendered":"<ul>\n<li>Modelo 3270-1<\/li>\n<li>unidade de varrimento montada verticalmente (sem deflex\u00e3o do espelho)<\/li>\n<li>Tecnologia CCD dupla (CCD trilinear com 3 x 8000 pix\u00e9is, segundo CCD com 12 000 pix\u00e9is para redigita\u00e7\u00e3o)<\/li>\n<li>m\u00e1ximo. Tamanho original 315 x 457 mm<\/li>\n<li>Resolu\u00e7\u00e3o \u00f3tica m\u00e1x. 5080 dpi<\/li>\n<li>resolu\u00e7\u00e3o interpolada m\u00e1x. 11800 dpi<\/li>\n<li>Tipos de originais Transpar\u00eancia, Positivo, Negativo, Cor, P\/B<\/li>\n<li>m\u00e1ximo. Densidade 4.0<\/li>\n<li>com o software NewColor<\/li>\n<\/ul>\n","protected":false},"excerpt":{"rendered":"<p>Modelo 3270-1 unidade de varrimento montada verticalmente (sem deflex\u00e3o do espelho) Tecnologia CCD dupla (CCD trilinear com 3 x 8000 pix\u00e9is, segundo CCD com 12 000 pix\u00e9is para redigita\u00e7\u00e3o) m\u00e1ximo. Tamanho original 315 x 457 mm Resolu\u00e7\u00e3o \u00f3tica m\u00e1x. 5080 dpi resolu\u00e7\u00e3o interpolada m\u00e1x. 11800 dpi Tipos de originais Transpar\u00eancia, Positivo, Negativo, Cor, P\/B m\u00e1ximo. [&hellip;]<\/p>\n","protected":false},"featured_media":65277,"template":"","meta":[],"product_brand":[],"product_cat":[3098],"product_tag":[],"class_list":{"0":"post-93437","1":"product","2":"type-product","3":"status-publish","4":"has-post-thumbnail","6":"product_cat-scanner-de-mesa","7":"pa_baujahr-130","8":"pa_hersteller-heidelberg","9":"pa_typ-nexscan-f-4200","11":"first","12":"instock","13":"sold-individually","14":"taxable","15":"shipping-taxable","16":"purchasable","17":"product-type-simple"},"jetpack_sharing_enabled":true,"_links":{"self":[{"href":"https:\/\/www.3p-gmbh.de\/pt-br\/wp-json\/wp\/v2\/product\/93437","targetHints":{"allow":["GET"]}}],"collection":[{"href":"https:\/\/www.3p-gmbh.de\/pt-br\/wp-json\/wp\/v2\/product"}],"about":[{"href":"https:\/\/www.3p-gmbh.de\/pt-br\/wp-json\/wp\/v2\/types\/product"}],"wp:featuredmedia":[{"embeddable":true,"href":"https:\/\/www.3p-gmbh.de\/pt-br\/wp-json\/wp\/v2\/media\/65277"}],"wp:attachment":[{"href":"https:\/\/www.3p-gmbh.de\/pt-br\/wp-json\/wp\/v2\/media?parent=93437"}],"wp:term":[{"taxonomy":"product_brand","embeddable":true,"href":"https:\/\/www.3p-gmbh.de\/pt-br\/wp-json\/wp\/v2\/product_brand?post=93437"},{"taxonomy":"product_cat","embeddable":true,"href":"https:\/\/www.3p-gmbh.de\/pt-br\/wp-json\/wp\/v2\/product_cat?post=93437"},{"taxonomy":"product_tag","embeddable":true,"href":"https:\/\/www.3p-gmbh.de\/pt-br\/wp-json\/wp\/v2\/product_tag?post=93437"}],"curies":[{"name":"wp","href":"https:\/\/api.w.org\/{rel}","templated":true}]}}