{"id":93436,"date":"2019-07-11T13:54:26","date_gmt":"2019-07-11T13:54:26","guid":{"rendered":"https:\/\/www.3p-gmbh.de\/produkt\/quadro-de-copia-de-chapa-theimer-montakop-95\/"},"modified":"2019-07-11T13:54:26","modified_gmt":"2019-07-11T13:54:26","slug":"quadro-de-copia-de-placas","status":"publish","type":"product","link":"https:\/\/www.3p-gmbh.de\/pt-br\/produkt\/quadro-de-copia-de-placas\/","title":{"rendered":"Quadro de c\u00f3pia de chapa Theimer Montakop 95"},"content":{"rendered":"<ul>\n<li>Moldura de c\u00f3pia de chapa de alta qualidade modelo 3623<\/li>\n<li>Formato utiliz\u00e1vel 95 x 125<\/li>\n<li>Sistema autom\u00e1tico de espalhamento de folhas<\/li>\n<li>Sistema de press\u00e3o de rolos Theimoplan<\/li>\n<li>Computador KR com 72 programas e fotoc\u00e9lula para controlo da exposi\u00e7\u00e3o (24 programas por n\u00edvel de pot\u00eancia)<\/li>\n<li>L\u00e2mpada MH de 4000 watts<\/li>\n<li>cortina autom\u00e1tica de prote\u00e7\u00e3o contra a luz<\/li>\n<li>Gavetas robustas<\/li>\n<\/ul>\n","protected":false},"excerpt":{"rendered":"<p>Moldura de c\u00f3pia de chapa de alta qualidade modelo 3623 Formato utiliz\u00e1vel 95 x 125 Sistema autom\u00e1tico de espalhamento de folhas Sistema de press\u00e3o de rolos Theimoplan Computador KR com 72 programas e fotoc\u00e9lula para controlo da exposi\u00e7\u00e3o (24 programas por n\u00edvel de pot\u00eancia) L\u00e2mpada MH de 4000 watts cortina autom\u00e1tica de prote\u00e7\u00e3o contra a [&hellip;]<\/p>\n","protected":false},"featured_media":65295,"template":"","meta":[],"product_brand":[],"product_cat":[2997],"product_tag":[],"class_list":{"0":"post-93436","1":"product","2":"type-product","3":"status-publish","4":"has-post-thumbnail","6":"product_cat-processamento-de-chapas-de-impressao-pt-br","7":"pa_baujahr-188","8":"pa_hersteller-theimer-montakop-95","10":"first","11":"instock","12":"sold-individually","13":"taxable","14":"shipping-taxable","15":"purchasable","16":"product-type-simple"},"jetpack_sharing_enabled":true,"_links":{"self":[{"href":"https:\/\/www.3p-gmbh.de\/pt-br\/wp-json\/wp\/v2\/product\/93436","targetHints":{"allow":["GET"]}}],"collection":[{"href":"https:\/\/www.3p-gmbh.de\/pt-br\/wp-json\/wp\/v2\/product"}],"about":[{"href":"https:\/\/www.3p-gmbh.de\/pt-br\/wp-json\/wp\/v2\/types\/product"}],"wp:featuredmedia":[{"embeddable":true,"href":"https:\/\/www.3p-gmbh.de\/pt-br\/wp-json\/wp\/v2\/media\/65295"}],"wp:attachment":[{"href":"https:\/\/www.3p-gmbh.de\/pt-br\/wp-json\/wp\/v2\/media?parent=93436"}],"wp:term":[{"taxonomy":"product_brand","embeddable":true,"href":"https:\/\/www.3p-gmbh.de\/pt-br\/wp-json\/wp\/v2\/product_brand?post=93436"},{"taxonomy":"product_cat","embeddable":true,"href":"https:\/\/www.3p-gmbh.de\/pt-br\/wp-json\/wp\/v2\/product_cat?post=93436"},{"taxonomy":"product_tag","embeddable":true,"href":"https:\/\/www.3p-gmbh.de\/pt-br\/wp-json\/wp\/v2\/product_tag?post=93436"}],"curies":[{"name":"wp","href":"https:\/\/api.w.org\/{rel}","templated":true}]}}