{"id":93434,"date":"2019-07-11T13:54:26","date_gmt":"2019-07-11T13:54:26","guid":{"rendered":"https:\/\/www.3p-gmbh.de\/produkt\/espectrofotometro-gretag-macbeth-spectrolino-spectroscan\/"},"modified":"2019-07-11T13:54:26","modified_gmt":"2019-07-11T13:54:26","slug":"espetrofotometro-2","status":"publish","type":"product","link":"https:\/\/www.3p-gmbh.de\/pt-br\/produkt\/espetrofotometro-2\/","title":{"rendered":"Espectrofot\u00f3metro Gretag Macbeth Spectrolino\/Spectroscan"},"content":{"rendered":"<p>O espetrofot\u00f3metro Spectrolino \u00e9 o instrumento de medi\u00e7\u00e3o preciso para todas as \u00e1reas da ind\u00fastria gr\u00e1fica: remiss\u00e3o, transmiss\u00e3o e emiss\u00e3o! Isto significa que as amostras de cor e de papel, os diapositivos, as tabelas de cores e os monitores podem sempre ser medidos de forma r\u00e1pida, fi\u00e1vel e absolutamente exacta. Com o pr\u00e1tico dispositivo de medi\u00e7\u00e3o, obt\u00e9m-se um excelente desempenho com o m\u00ednimo esfor\u00e7o: qualidade constante, desde a rece\u00e7\u00e3o da encomenda at\u00e9 \u00e0 entrega do produto final impresso.<\/p>\n<p>O Spectrolino \u00e9 ligado a um PC ou Apple Macintosh atrav\u00e9s da interface RS 232C integrada, de modo a que os dados medidos possam ser visualizados e processados diretamente no computador. Devido ao sistema de \u00f3tica em anel, as medi\u00e7\u00f5es s\u00e3o igualmente fi\u00e1veis, mesmo em diferentes \u00e2ngulos. Para a medi\u00e7\u00e3o das emiss\u00f5es, o Spectrolino \u00e9 fixado de forma segura e suave ao ecr\u00e3 com o suporte fornecido.<\/p>\n<p>A mesa de medi\u00e7\u00e3o x\/y SpectroScan transforma o Spectrolino numa esta\u00e7\u00e3o de trabalho totalmente autom\u00e1tica para a medi\u00e7\u00e3o de cartas de cores. Os gabaritos de sobreposi\u00e7\u00e3o s\u00e3o medidos com exatid\u00e3o e precis\u00e3o atrav\u00e9s de aberturas de medi\u00e7\u00e3o de 1-3 mm. Al\u00e9m disso, os modelos transparentes tamb\u00e9m podem ser medidos. O papel \u00e9 mantido no lugar por carga eletrost\u00e1tica; depois de definir tr\u00eas pontos de canto, o dispositivo mede automaticamente todo o gr\u00e1fico. Especialmente na cria\u00e7\u00e3o de CRTs (Colour Rendering Tables) e perfis ICC (International Color Consortium), a equipa do fot\u00f3metro e da mesa de medi\u00e7\u00e3o faz um trabalho impressionante.<\/p>\n<ul>\n<li>Interface: RS 232 s\u00e9rie, 110 a 57 600 baud<\/li>\n<li>Tomada de dados: Tomada Mini DIN<\/li>\n<li>Fonte de alimenta\u00e7\u00e3o: 90 a 270 V CA, 47 a 63 Hz<\/li>\n<li>Consumo: 100 V CA 2A, 220 V CA 1A<\/li>\n<li>Dimens\u00f5es: Largura 430 mm, profundidade 530 mm<\/li>\n<li>Altura: 150 mm<\/li>\n<li>Peso: 7,5 kg<\/li>\n<li>Espessura do material dos gabaritos: Remiss\u00e3o m\u00e1xima. 1,5 mm, transmiss\u00e3o m\u00e1x. 0,25 mm<\/li>\n<li>Precis\u00e3o de posicionamento: +\/- 0,25 mm<\/li>\n<li>Alcance de condu\u00e7\u00e3o: m\u00e1x. 240 x 310 mm<\/li>\n<li>Medi\u00e7\u00e3o espetral atrav\u00e9s de uma grelha de difra\u00e7\u00e3o hologr\u00e1fica<\/li>\n<li>Gama de medi\u00e7\u00e3o espetral: 380 a 730 nm<\/li>\n<li>Resolu\u00e7\u00e3o f\u00edsica: 10 nm<\/li>\n<li>Modos de medi\u00e7\u00e3o: Remiss\u00e3o, Emiss\u00e3o, Transmiss\u00e3o<\/li>\n<li>Interface: RS 232 s\u00e9rie, 110 a 57 600 baud<\/li>\n<li>Tomada de dados: Tomada Mini DIN<\/li>\n<li>Alimenta\u00e7\u00e3o el\u00e9ctrica: atrav\u00e9s do cabo de dados e da fonte de alimenta\u00e7\u00e3o<\/li>\n<\/ul>\n","protected":false},"excerpt":{"rendered":"<p>O espetrofot\u00f3metro Spectrolino \u00e9 o instrumento de medi\u00e7\u00e3o preciso para todas as \u00e1reas da ind\u00fastria gr\u00e1fica: remiss\u00e3o, transmiss\u00e3o e emiss\u00e3o! Isto significa que as amostras de cor e de papel, os diapositivos, as tabelas de cores e os monitores podem sempre ser medidos de forma r\u00e1pida, fi\u00e1vel e absolutamente exacta. Com o pr\u00e1tico dispositivo de [&hellip;]<\/p>\n","protected":false},"featured_media":65331,"template":"","meta":[],"product_brand":[],"product_cat":[2931],"product_tag":[],"class_list":{"0":"post-93434","1":"product","2":"type-product","3":"status-publish","4":"has-post-thumbnail","6":"product_cat-instrumentos-de-medicao-e-garantia-de-qualidade","7":"pa_baujahr-140","8":"pa_hersteller-gretag-macbeth","9":"pa_typ-spectroscan-mit-spectrolino","11":"first","12":"instock","13":"sold-individually","14":"taxable","15":"shipping-taxable","16":"purchasable","17":"product-type-simple"},"jetpack_sharing_enabled":true,"_links":{"self":[{"href":"https:\/\/www.3p-gmbh.de\/pt-br\/wp-json\/wp\/v2\/product\/93434","targetHints":{"allow":["GET"]}}],"collection":[{"href":"https:\/\/www.3p-gmbh.de\/pt-br\/wp-json\/wp\/v2\/product"}],"about":[{"href":"https:\/\/www.3p-gmbh.de\/pt-br\/wp-json\/wp\/v2\/types\/product"}],"wp:featuredmedia":[{"embeddable":true,"href":"https:\/\/www.3p-gmbh.de\/pt-br\/wp-json\/wp\/v2\/media\/65331"}],"wp:attachment":[{"href":"https:\/\/www.3p-gmbh.de\/pt-br\/wp-json\/wp\/v2\/media?parent=93434"}],"wp:term":[{"taxonomy":"product_brand","embeddable":true,"href":"https:\/\/www.3p-gmbh.de\/pt-br\/wp-json\/wp\/v2\/product_brand?post=93434"},{"taxonomy":"product_cat","embeddable":true,"href":"https:\/\/www.3p-gmbh.de\/pt-br\/wp-json\/wp\/v2\/product_cat?post=93434"},{"taxonomy":"product_tag","embeddable":true,"href":"https:\/\/www.3p-gmbh.de\/pt-br\/wp-json\/wp\/v2\/product_tag?post=93434"}],"curies":[{"name":"wp","href":"https:\/\/api.w.org\/{rel}","templated":true}]}}