{"id":93421,"date":"2019-07-11T13:54:29","date_gmt":"2019-07-11T13:54:29","guid":{"rendered":"https:\/\/www.3p-gmbh.de\/produkt\/software-de-pre-configuracao-de-chaves-de-tinta-manroland-pecom-prepress-link\/"},"modified":"2019-07-11T13:54:29","modified_gmt":"2019-07-11T13:54:29","slug":"software-de-predefinicao-de-teclas-de-tinta","status":"publish","type":"product","link":"https:\/\/www.3p-gmbh.de\/pt-br\/produkt\/software-de-predefinicao-de-teclas-de-tinta\/","title":{"rendered":"Software de pr\u00e9-configura\u00e7\u00e3o de chaves de tinta Manroland Pecom Prepress Link"},"content":{"rendered":"<ul>\n<li>Software de predefini\u00e7\u00e3o de zonas de tinta para Roland 300\/700<\/li>\n<li>com o Job Card Drive<\/li>\n<\/ul>\n","protected":false},"excerpt":{"rendered":"<p>Software de predefini\u00e7\u00e3o de zonas de tinta para Roland 300\/700 com o Job Card Drive<\/p>\n","protected":false},"featured_media":65358,"template":"","meta":[],"product_brand":[],"product_cat":[3007],"product_tag":[],"class_list":{"0":"post-93421","1":"product","2":"type-product","3":"status-publish","4":"has-post-thumbnail","6":"product_cat-software-de-pre-impressao","7":"pa_baujahr-153","8":"pa_hersteller-manroland","9":"pa_typ-pecom-prepress-link","11":"first","12":"instock","13":"sold-individually","14":"taxable","15":"shipping-taxable","16":"purchasable","17":"product-type-simple"},"jetpack_sharing_enabled":true,"_links":{"self":[{"href":"https:\/\/www.3p-gmbh.de\/pt-br\/wp-json\/wp\/v2\/product\/93421","targetHints":{"allow":["GET"]}}],"collection":[{"href":"https:\/\/www.3p-gmbh.de\/pt-br\/wp-json\/wp\/v2\/product"}],"about":[{"href":"https:\/\/www.3p-gmbh.de\/pt-br\/wp-json\/wp\/v2\/types\/product"}],"wp:featuredmedia":[{"embeddable":true,"href":"https:\/\/www.3p-gmbh.de\/pt-br\/wp-json\/wp\/v2\/media\/65358"}],"wp:attachment":[{"href":"https:\/\/www.3p-gmbh.de\/pt-br\/wp-json\/wp\/v2\/media?parent=93421"}],"wp:term":[{"taxonomy":"product_brand","embeddable":true,"href":"https:\/\/www.3p-gmbh.de\/pt-br\/wp-json\/wp\/v2\/product_brand?post=93421"},{"taxonomy":"product_cat","embeddable":true,"href":"https:\/\/www.3p-gmbh.de\/pt-br\/wp-json\/wp\/v2\/product_cat?post=93421"},{"taxonomy":"product_tag","embeddable":true,"href":"https:\/\/www.3p-gmbh.de\/pt-br\/wp-json\/wp\/v2\/product_tag?post=93421"}],"curies":[{"name":"wp","href":"https:\/\/api.w.org\/{rel}","templated":true}]}}