{"id":93416,"date":"2019-07-11T13:54:29","date_gmt":"2019-07-11T13:54:29","guid":{"rendered":"https:\/\/www.3p-gmbh.de\/produkt\/fluxo-de-trabalho-do-heidelberg-prinect-prepress-manager\/"},"modified":"2019-07-11T13:54:29","modified_gmt":"2019-07-11T13:54:29","slug":"sistema-de-fluxo-de-trabalho-de-pre-impressao","status":"publish","type":"product","link":"https:\/\/www.3p-gmbh.de\/pt-br\/produkt\/sistema-de-fluxo-de-trabalho-de-pre-impressao\/","title":{"rendered":"Fluxo de trabalho do Heidelberg Prinect PrePress Manager"},"content":{"rendered":"<ul>\n<li>Sistema de fluxo de trabalho de pr\u00e9-impress\u00e3o totalmente automatiz\u00e1vel e baseado em JDF, com ferramentas para verificar e otimizar os dados PDF entregues, incluindo gest\u00e3o e captura de cores, bem como uma integra\u00e7\u00e3o perfeita com a Prinect Signa Station.<\/li>\n<li>com motor de impress\u00e3o PDF PSS 4.0-75 IOP<\/li>\n<li>com o PDF Imposer<\/li>\n<li>com o Prepress Manager 4.0 PT<\/li>\n<li>com o Prinect License Server<\/li>\n<\/ul>\n","protected":false},"excerpt":{"rendered":"<p>Sistema de fluxo de trabalho de pr\u00e9-impress\u00e3o totalmente automatiz\u00e1vel e baseado em JDF, com ferramentas para verificar e otimizar os dados PDF entregues, incluindo gest\u00e3o e captura de cores, bem como uma integra\u00e7\u00e3o perfeita com a Prinect Signa Station. com motor de impress\u00e3o PDF PSS 4.0-75 IOP com o PDF Imposer com o Prepress Manager [&hellip;]<\/p>\n","protected":false},"featured_media":65355,"template":"","meta":[],"product_brand":[],"product_cat":[3007],"product_tag":[],"class_list":{"0":"post-93416","1":"product","2":"type-product","3":"status-publish","4":"has-post-thumbnail","6":"product_cat-software-de-pre-impressao","7":"pa_baujahr-326","8":"pa_hersteller-heidelberg","9":"pa_typ-prinect-pre-press-manager-m","11":"first","12":"instock","13":"sold-individually","14":"taxable","15":"shipping-taxable","16":"purchasable","17":"product-type-simple"},"jetpack_sharing_enabled":true,"_links":{"self":[{"href":"https:\/\/www.3p-gmbh.de\/pt-br\/wp-json\/wp\/v2\/product\/93416","targetHints":{"allow":["GET"]}}],"collection":[{"href":"https:\/\/www.3p-gmbh.de\/pt-br\/wp-json\/wp\/v2\/product"}],"about":[{"href":"https:\/\/www.3p-gmbh.de\/pt-br\/wp-json\/wp\/v2\/types\/product"}],"wp:featuredmedia":[{"embeddable":true,"href":"https:\/\/www.3p-gmbh.de\/pt-br\/wp-json\/wp\/v2\/media\/65355"}],"wp:attachment":[{"href":"https:\/\/www.3p-gmbh.de\/pt-br\/wp-json\/wp\/v2\/media?parent=93416"}],"wp:term":[{"taxonomy":"product_brand","embeddable":true,"href":"https:\/\/www.3p-gmbh.de\/pt-br\/wp-json\/wp\/v2\/product_brand?post=93416"},{"taxonomy":"product_cat","embeddable":true,"href":"https:\/\/www.3p-gmbh.de\/pt-br\/wp-json\/wp\/v2\/product_cat?post=93416"},{"taxonomy":"product_tag","embeddable":true,"href":"https:\/\/www.3p-gmbh.de\/pt-br\/wp-json\/wp\/v2\/product_tag?post=93416"}],"curies":[{"name":"wp","href":"https:\/\/api.w.org\/{rel}","templated":true}]}}