{"id":93394,"date":"2019-07-11T13:54:29","date_gmt":"2019-07-11T13:54:29","guid":{"rendered":"https:\/\/www.3p-gmbh.de\/produkt\/heidelberg-prinect-pressroom-manager-10\/"},"modified":"2019-07-11T13:54:29","modified_gmt":"2019-07-11T13:54:29","slug":"heidelberg-prinect-pressroom-manager-10","status":"publish","type":"product","link":"https:\/\/www.3p-gmbh.de\/pt-br\/produkt\/heidelberg-prinect-pressroom-manager-10\/","title":{"rendered":"Heidelberg Prinect Pressroom Manager 10"},"content":{"rendered":"<p>Os seguintes componentes do Prinect s\u00e3o licenciados no License Server Dongle:<\/p>\n<ul>\n<li>Prinect Pressroom Manager 106 (cont\u00e9m a interface PrePress para 8 p\u00e1ginas)<\/li>\n<li>Prinect Integration Manager (incl. 1\u00d7 Prinect Cockpit) Vers\u00e3o: 15.0<\/li>\n<\/ul>\n<p>A integra\u00e7\u00e3o de todas as etapas do processo proporciona \u00e0s empresas de impress\u00e3o vantagens competitivas decisivas. Com o Prinect Pressroom Manager, pode ligar de forma inteligente as informa\u00e7\u00f5es existentes para que os trabalhos de impress\u00e3o estejam automaticamente dispon\u00edveis no momento certo na impressora certa. O Prinect Pressroom Manager disponibiliza todos os dados em Prinect Cockpits claramente dispostos e na consola de controlo da prensa. A\u00ed, facilitam aos impressores a supera\u00e7\u00e3o dos seus desafios di\u00e1rios, por exemplo, oferecendo op\u00e7\u00f5es de sele\u00e7\u00e3o para o processamento de trabalhos que poupam tempo.<\/p>\n<p>O \u00e2mbito da entrega inclui um dongle USB com chave de ativa\u00e7\u00e3o, o CD de software original correspondente deve ser encomendado ao Heidelberg Support.<\/p>\n","protected":false},"excerpt":{"rendered":"<p>Os seguintes componentes do Prinect s\u00e3o licenciados no License Server Dongle: Prinect Pressroom Manager 106 (cont\u00e9m a interface PrePress para 8 p\u00e1ginas) Prinect Integration Manager (incl. 1\u00d7 Prinect Cockpit) Vers\u00e3o: 15.0 A integra\u00e7\u00e3o de todas as etapas do processo proporciona \u00e0s empresas de impress\u00e3o vantagens competitivas decisivas. Com o Prinect Pressroom Manager, pode ligar de [&hellip;]<\/p>\n","protected":false},"featured_media":71331,"template":"","meta":[],"product_brand":[],"product_cat":[3007],"product_tag":[],"class_list":{"0":"post-93394","1":"product","2":"type-product","3":"status-publish","4":"has-post-thumbnail","6":"product_cat-software-de-pre-impressao","7":"pa_baujahr-711","8":"pa_hersteller-heideberger-druckmaschinen","9":"pa_typ-prinect-pressroom-manager-106","11":"first","12":"instock","13":"sold-individually","14":"taxable","15":"shipping-taxable","16":"purchasable","17":"product-type-simple"},"jetpack_sharing_enabled":true,"_links":{"self":[{"href":"https:\/\/www.3p-gmbh.de\/pt-br\/wp-json\/wp\/v2\/product\/93394","targetHints":{"allow":["GET"]}}],"collection":[{"href":"https:\/\/www.3p-gmbh.de\/pt-br\/wp-json\/wp\/v2\/product"}],"about":[{"href":"https:\/\/www.3p-gmbh.de\/pt-br\/wp-json\/wp\/v2\/types\/product"}],"wp:featuredmedia":[{"embeddable":true,"href":"https:\/\/www.3p-gmbh.de\/pt-br\/wp-json\/wp\/v2\/media\/71331"}],"wp:attachment":[{"href":"https:\/\/www.3p-gmbh.de\/pt-br\/wp-json\/wp\/v2\/media?parent=93394"}],"wp:term":[{"taxonomy":"product_brand","embeddable":true,"href":"https:\/\/www.3p-gmbh.de\/pt-br\/wp-json\/wp\/v2\/product_brand?post=93394"},{"taxonomy":"product_cat","embeddable":true,"href":"https:\/\/www.3p-gmbh.de\/pt-br\/wp-json\/wp\/v2\/product_cat?post=93394"},{"taxonomy":"product_tag","embeddable":true,"href":"https:\/\/www.3p-gmbh.de\/pt-br\/wp-json\/wp\/v2\/product_tag?post=93394"}],"curies":[{"name":"wp","href":"https:\/\/api.w.org\/{rel}","templated":true}]}}