{"id":93380,"date":"2019-07-11T13:54:32","date_gmt":"2019-07-11T13:54:32","guid":{"rendered":"https:\/\/www.3p-gmbh.de\/produkt\/sistema-de-transporte-de-placas-de-impressao-axe\/"},"modified":"2019-07-11T13:54:32","modified_gmt":"2019-07-11T13:54:32","slug":"sistema-de-transporte-da-placa-de-pressao","status":"publish","type":"product","link":"https:\/\/www.3p-gmbh.de\/pt-br\/produkt\/sistema-de-transporte-da-placa-de-pressao\/","title":{"rendered":"Sistema de transporte de placas de impress\u00e3o Axe"},"content":{"rendered":"<ul>\n<li>Sistema de triagem e transporte de chapas de impress\u00e3o com cortador \u00f3tico em linha Berth Autoplate 780mm<\/li>\n<li>com alimenta\u00e7\u00e3o interm\u00e9dia de papel<\/li>\n<li>com 10 esta\u00e7\u00f5es de empilhamento e desempilhamento<\/li>\n<\/ul>\n","protected":false},"excerpt":{"rendered":"<p>Sistema de triagem e transporte de chapas de impress\u00e3o com cortador \u00f3tico em linha Berth Autoplate 780mm com alimenta\u00e7\u00e3o interm\u00e9dia de papel com 10 esta\u00e7\u00f5es de empilhamento e desempilhamento<\/p>\n","protected":false},"featured_media":65421,"template":"","meta":[],"product_brand":[],"product_cat":[2997],"product_tag":[],"class_list":{"0":"post-93380","1":"product","2":"type-product","3":"status-publish","4":"has-post-thumbnail","6":"product_cat-processamento-de-chapas-de-impressao-pt-br","7":"pa_baujahr-326","8":"pa_hersteller-beil-berth","9":"pa_typ-druckplattentransportsystem","11":"first","12":"instock","13":"sold-individually","14":"taxable","15":"shipping-taxable","16":"purchasable","17":"product-type-simple"},"jetpack_sharing_enabled":true,"_links":{"self":[{"href":"https:\/\/www.3p-gmbh.de\/pt-br\/wp-json\/wp\/v2\/product\/93380","targetHints":{"allow":["GET"]}}],"collection":[{"href":"https:\/\/www.3p-gmbh.de\/pt-br\/wp-json\/wp\/v2\/product"}],"about":[{"href":"https:\/\/www.3p-gmbh.de\/pt-br\/wp-json\/wp\/v2\/types\/product"}],"wp:featuredmedia":[{"embeddable":true,"href":"https:\/\/www.3p-gmbh.de\/pt-br\/wp-json\/wp\/v2\/media\/65421"}],"wp:attachment":[{"href":"https:\/\/www.3p-gmbh.de\/pt-br\/wp-json\/wp\/v2\/media?parent=93380"}],"wp:term":[{"taxonomy":"product_brand","embeddable":true,"href":"https:\/\/www.3p-gmbh.de\/pt-br\/wp-json\/wp\/v2\/product_brand?post=93380"},{"taxonomy":"product_cat","embeddable":true,"href":"https:\/\/www.3p-gmbh.de\/pt-br\/wp-json\/wp\/v2\/product_cat?post=93380"},{"taxonomy":"product_tag","embeddable":true,"href":"https:\/\/www.3p-gmbh.de\/pt-br\/wp-json\/wp\/v2\/product_tag?post=93380"}],"curies":[{"name":"wp","href":"https:\/\/api.w.org\/{rel}","templated":true}]}}