{"id":93351,"date":"2019-07-11T13:54:40","date_gmt":"2019-07-11T13:54:40","guid":{"rendered":"https:\/\/www.3p-gmbh.de\/produkt\/caixa-de-pecas-sobressalentes-glunz-jensen\/"},"modified":"2019-07-11T13:54:40","modified_gmt":"2019-07-11T13:54:40","slug":"caixa-de-pecas-sobressalentes","status":"publish","type":"product","link":"https:\/\/www.3p-gmbh.de\/pt-br\/produkt\/caixa-de-pecas-sobressalentes\/","title":{"rendered":"Caixa de pe\u00e7as sobressalentes Glunz &amp; Jensen"},"content":{"rendered":"<p>Caixas de pe\u00e7as sobressalentes, pe\u00e7as sobressalentes, bombas, bombas de regenera\u00e7\u00e3o e filtros para processadores de pel\u00edcula nas larguras de entrada 400, 550, 720, 860, 950 e 1250<\/p>\n","protected":false},"excerpt":{"rendered":"<p>Caixas de pe\u00e7as sobressalentes, pe\u00e7as sobressalentes, bombas, bombas de regenera\u00e7\u00e3o e filtros para processadores de pel\u00edcula nas larguras de entrada 400, 550, 720, 860, 950 e 1250<\/p>\n","protected":false},"featured_media":65547,"template":"","meta":[],"product_brand":[],"product_cat":[2937],"product_tag":[],"class_list":{"0":"post-93351","1":"product","2":"type-product","3":"status-publish","4":"has-post-thumbnail","6":"product_cat-sistemas-de-revelacao-de-filmes","7":"pa_hersteller-glunz-jensen","9":"first","10":"instock","11":"sold-individually","12":"taxable","13":"shipping-taxable","14":"purchasable","15":"product-type-simple"},"jetpack_sharing_enabled":true,"_links":{"self":[{"href":"https:\/\/www.3p-gmbh.de\/pt-br\/wp-json\/wp\/v2\/product\/93351","targetHints":{"allow":["GET"]}}],"collection":[{"href":"https:\/\/www.3p-gmbh.de\/pt-br\/wp-json\/wp\/v2\/product"}],"about":[{"href":"https:\/\/www.3p-gmbh.de\/pt-br\/wp-json\/wp\/v2\/types\/product"}],"wp:featuredmedia":[{"embeddable":true,"href":"https:\/\/www.3p-gmbh.de\/pt-br\/wp-json\/wp\/v2\/media\/65547"}],"wp:attachment":[{"href":"https:\/\/www.3p-gmbh.de\/pt-br\/wp-json\/wp\/v2\/media?parent=93351"}],"wp:term":[{"taxonomy":"product_brand","embeddable":true,"href":"https:\/\/www.3p-gmbh.de\/pt-br\/wp-json\/wp\/v2\/product_brand?post=93351"},{"taxonomy":"product_cat","embeddable":true,"href":"https:\/\/www.3p-gmbh.de\/pt-br\/wp-json\/wp\/v2\/product_cat?post=93351"},{"taxonomy":"product_tag","embeddable":true,"href":"https:\/\/www.3p-gmbh.de\/pt-br\/wp-json\/wp\/v2\/product_tag?post=93351"}],"curies":[{"name":"wp","href":"https:\/\/api.w.org\/{rel}","templated":true}]}}