{"id":93336,"date":"2019-07-11T13:54:32","date_gmt":"2019-07-11T13:54:32","guid":{"rendered":"https:\/\/www.3p-gmbh.de\/produkt\/forno-technografica-a-2-para-placas-de-impressao\/"},"modified":"2019-07-11T13:54:32","modified_gmt":"2019-07-11T13:54:32","slug":"fogao-para-placas-de-pressao","status":"publish","type":"product","link":"https:\/\/www.3p-gmbh.de\/pt-br\/produkt\/fogao-para-placas-de-pressao\/","title":{"rendered":"Forno Technografica A 2 para placas de impress\u00e3o"},"content":{"rendered":"<ul>\n<li>Forno de cozedura para placas de impress\u00e3o at\u00e9 ao formato A2<\/li>\n<li>Aumenta o desempenho de funcionamento dos pain\u00e9is, reduzindo assim os custos e o tempo de instala\u00e7\u00e3o<\/li>\n<li>Ideal para impressoras rotativas e cont\u00ednuas<\/li>\n<\/ul>\n","protected":false},"excerpt":{"rendered":"<p>Forno de cozedura para placas de impress\u00e3o at\u00e9 ao formato A2 Aumenta o desempenho de funcionamento dos pain\u00e9is, reduzindo assim os custos e o tempo de instala\u00e7\u00e3o Ideal para impressoras rotativas e cont\u00ednuas<\/p>\n","protected":false},"featured_media":65487,"template":"","meta":[],"product_brand":[],"product_cat":[2997],"product_tag":[],"class_list":{"0":"post-93336","1":"product","2":"type-product","3":"status-publish","4":"has-post-thumbnail","6":"product_cat-processamento-de-chapas-de-impressao-pt-br","7":"pa_baujahr-130","8":"pa_hersteller-technografica","9":"pa_typ-einbrennofen-a2","11":"first","12":"instock","13":"sold-individually","14":"taxable","15":"shipping-taxable","16":"purchasable","17":"product-type-simple"},"jetpack_sharing_enabled":true,"_links":{"self":[{"href":"https:\/\/www.3p-gmbh.de\/pt-br\/wp-json\/wp\/v2\/product\/93336","targetHints":{"allow":["GET"]}}],"collection":[{"href":"https:\/\/www.3p-gmbh.de\/pt-br\/wp-json\/wp\/v2\/product"}],"about":[{"href":"https:\/\/www.3p-gmbh.de\/pt-br\/wp-json\/wp\/v2\/types\/product"}],"wp:featuredmedia":[{"embeddable":true,"href":"https:\/\/www.3p-gmbh.de\/pt-br\/wp-json\/wp\/v2\/media\/65487"}],"wp:attachment":[{"href":"https:\/\/www.3p-gmbh.de\/pt-br\/wp-json\/wp\/v2\/media?parent=93336"}],"wp:term":[{"taxonomy":"product_brand","embeddable":true,"href":"https:\/\/www.3p-gmbh.de\/pt-br\/wp-json\/wp\/v2\/product_brand?post=93336"},{"taxonomy":"product_cat","embeddable":true,"href":"https:\/\/www.3p-gmbh.de\/pt-br\/wp-json\/wp\/v2\/product_cat?post=93336"},{"taxonomy":"product_tag","embeddable":true,"href":"https:\/\/www.3p-gmbh.de\/pt-br\/wp-json\/wp\/v2\/product_tag?post=93336"}],"curies":[{"name":"wp","href":"https:\/\/api.w.org\/{rel}","templated":true}]}}