{"id":93335,"date":"2019-07-11T13:54:40","date_gmt":"2019-07-11T13:54:40","guid":{"rendered":"https:\/\/www.3p-gmbh.de\/produkt\/densitometro-de-luz-transmitida-heiland-trd-4\/"},"modified":"2019-07-11T13:54:40","modified_gmt":"2019-07-11T13:54:40","slug":"densitometro-de-luz-transmitida-2","status":"publish","type":"product","link":"https:\/\/www.3p-gmbh.de\/pt-br\/produkt\/densitometro-de-luz-transmitida-2\/","title":{"rendered":"Densit\u00f3metro de luz transmitida Heiland TRD-4"},"content":{"rendered":"<ul>\n<li>Medi\u00e7\u00e3o da densidade da luz transmitida em percentagem ou registo. at\u00e9 Dmax. 5.5 poss\u00edveis<\/li>\n<li>Medi\u00e7\u00e3o da densidade da luz incidente em percentagem ou at\u00e9 Dmax. 2.5 poss\u00edveis<\/li>\n<\/ul>\n","protected":false},"excerpt":{"rendered":"<p>Medi\u00e7\u00e3o da densidade da luz transmitida em percentagem ou registo. at\u00e9 Dmax. 5.5 poss\u00edveis Medi\u00e7\u00e3o da densidade da luz incidente em percentagem ou at\u00e9 Dmax. 2.5 poss\u00edveis<\/p>\n","protected":false},"featured_media":65553,"template":"","meta":[],"product_brand":[],"product_cat":[2931],"product_tag":[],"class_list":{"0":"post-93335","1":"product","2":"type-product","3":"status-publish","4":"has-post-thumbnail","6":"product_cat-instrumentos-de-medicao-e-garantia-de-qualidade","7":"pa_baujahr-158","8":"pa_hersteller-heiland","9":"pa_typ-trd-4","11":"first","12":"instock","13":"sold-individually","14":"taxable","15":"shipping-taxable","16":"purchasable","17":"product-type-simple"},"jetpack_sharing_enabled":true,"_links":{"self":[{"href":"https:\/\/www.3p-gmbh.de\/pt-br\/wp-json\/wp\/v2\/product\/93335","targetHints":{"allow":["GET"]}}],"collection":[{"href":"https:\/\/www.3p-gmbh.de\/pt-br\/wp-json\/wp\/v2\/product"}],"about":[{"href":"https:\/\/www.3p-gmbh.de\/pt-br\/wp-json\/wp\/v2\/types\/product"}],"wp:featuredmedia":[{"embeddable":true,"href":"https:\/\/www.3p-gmbh.de\/pt-br\/wp-json\/wp\/v2\/media\/65553"}],"wp:attachment":[{"href":"https:\/\/www.3p-gmbh.de\/pt-br\/wp-json\/wp\/v2\/media?parent=93335"}],"wp:term":[{"taxonomy":"product_brand","embeddable":true,"href":"https:\/\/www.3p-gmbh.de\/pt-br\/wp-json\/wp\/v2\/product_brand?post=93335"},{"taxonomy":"product_cat","embeddable":true,"href":"https:\/\/www.3p-gmbh.de\/pt-br\/wp-json\/wp\/v2\/product_cat?post=93335"},{"taxonomy":"product_tag","embeddable":true,"href":"https:\/\/www.3p-gmbh.de\/pt-br\/wp-json\/wp\/v2\/product_tag?post=93335"}],"curies":[{"name":"wp","href":"https:\/\/api.w.org\/{rel}","templated":true}]}}