{"id":93325,"date":"2019-07-11T13:53:56","date_gmt":"2019-07-11T13:53:56","guid":{"rendered":"https:\/\/www.3p-gmbh.de\/produkt\/densitometro-de-placas-xrite-combodot-ctp-20\/"},"modified":"2019-07-11T13:53:56","modified_gmt":"2019-07-11T13:53:56","slug":"densitometro-de-placas","status":"publish","type":"product","link":"https:\/\/www.3p-gmbh.de\/pt-br\/produkt\/densitometro-de-placas\/","title":{"rendered":"Densit\u00f3metro de placas Xrite ComboDot CTP 20"},"content":{"rendered":"<p>O dispositivo de medi\u00e7\u00e3o determina o tamanho do ponto do ecr\u00e3 em todas as chapas de impress\u00e3o, bem como na pel\u00edcula. Permite-lhe analisar com precis\u00e3o as percentagens de ecr\u00e3 de pel\u00edculas de pontos ou linhas duras em qualquer mesa de luz. Inclui tamb\u00e9m uma cabe\u00e7a de medi\u00e7\u00e3o de densidade separada e uma unidade de luz transmitida para a medi\u00e7\u00e3o convencional da densidade da pel\u00edcula.<\/p>\n<p>Inclu\u00eddo no fornecimento: CTP 20 metros (como descrito acima) com cabos adaptadores e fonte de alimenta\u00e7\u00e3o, tabela de certifica\u00e7\u00e3o, software Imagelink e Keymagic para PC e Mac, estojo<\/p>\n","protected":false},"excerpt":{"rendered":"<p>O dispositivo de medi\u00e7\u00e3o determina o tamanho do ponto do ecr\u00e3 em todas as chapas de impress\u00e3o, bem como na pel\u00edcula. Permite-lhe analisar com precis\u00e3o as percentagens de ecr\u00e3 de pel\u00edculas de pontos ou linhas duras em qualquer mesa de luz. Inclui tamb\u00e9m uma cabe\u00e7a de medi\u00e7\u00e3o de densidade separada e uma unidade de luz [&hellip;]<\/p>\n","protected":false},"featured_media":64890,"template":"","meta":[],"product_brand":[],"product_cat":[2931],"product_tag":[],"class_list":{"0":"post-93325","1":"product","2":"type-product","3":"status-publish","4":"has-post-thumbnail","6":"product_cat-instrumentos-de-medicao-e-garantia-de-qualidade","7":"pa_baujahr-127","8":"pa_hersteller-xrite-macbeth","9":"pa_typ-combodot-ctp-20","11":"first","12":"instock","13":"sold-individually","14":"taxable","15":"shipping-taxable","16":"purchasable","17":"product-type-simple"},"jetpack_sharing_enabled":true,"_links":{"self":[{"href":"https:\/\/www.3p-gmbh.de\/pt-br\/wp-json\/wp\/v2\/product\/93325","targetHints":{"allow":["GET"]}}],"collection":[{"href":"https:\/\/www.3p-gmbh.de\/pt-br\/wp-json\/wp\/v2\/product"}],"about":[{"href":"https:\/\/www.3p-gmbh.de\/pt-br\/wp-json\/wp\/v2\/types\/product"}],"wp:featuredmedia":[{"embeddable":true,"href":"https:\/\/www.3p-gmbh.de\/pt-br\/wp-json\/wp\/v2\/media\/64890"}],"wp:attachment":[{"href":"https:\/\/www.3p-gmbh.de\/pt-br\/wp-json\/wp\/v2\/media?parent=93325"}],"wp:term":[{"taxonomy":"product_brand","embeddable":true,"href":"https:\/\/www.3p-gmbh.de\/pt-br\/wp-json\/wp\/v2\/product_brand?post=93325"},{"taxonomy":"product_cat","embeddable":true,"href":"https:\/\/www.3p-gmbh.de\/pt-br\/wp-json\/wp\/v2\/product_cat?post=93325"},{"taxonomy":"product_tag","embeddable":true,"href":"https:\/\/www.3p-gmbh.de\/pt-br\/wp-json\/wp\/v2\/product_tag?post=93325"}],"curies":[{"name":"wp","href":"https:\/\/api.w.org\/{rel}","templated":true}]}}