{"id":93323,"date":"2019-07-11T13:53:56","date_gmt":"2019-07-11T13:53:56","guid":{"rendered":"https:\/\/www.3p-gmbh.de\/produkt\/software-de-montagem-de-chapas-kodak-preps-pro-5-3\/"},"modified":"2019-07-11T13:53:56","modified_gmt":"2019-07-11T13:53:56","slug":"software-de-montagem-de-arcos","status":"publish","type":"product","link":"https:\/\/www.3p-gmbh.de\/pt-br\/produkt\/software-de-montagem-de-arcos\/","title":{"rendered":"Software de montagem de chapas Kodak Preps Pro 5.3"},"content":{"rendered":"<p>A solu\u00e7\u00e3o completa de fotografia digital para Mac ou Windows. O Preps oferece poderosas funcionalidades de montagem de folhas, capacidades integradas de separa\u00e7\u00e3o de cores, processamento de dados PostScript e PDF pr\u00e9-separados ou compostos, inclui pr\u00e9-visualiza\u00e7\u00e3o PostScript baseada em PostScript 3 e integra-se em qualquer fluxo de trabalho.<br \/>\nO software \u00e9 fornecido juntamente com um dongel de hardware (USB).<\/p>\n","protected":false},"excerpt":{"rendered":"<p>A solu\u00e7\u00e3o completa de fotografia digital para Mac ou Windows. O Preps oferece poderosas funcionalidades de montagem de folhas, capacidades integradas de separa\u00e7\u00e3o de cores, processamento de dados PostScript e PDF pr\u00e9-separados ou compostos, inclui pr\u00e9-visualiza\u00e7\u00e3o PostScript baseada em PostScript 3 e integra-se em qualquer fluxo de trabalho. O software \u00e9 fornecido juntamente com um [&hellip;]<\/p>\n","protected":false},"featured_media":64905,"template":"","meta":[],"product_brand":[],"product_cat":[3007],"product_tag":[],"class_list":{"0":"post-93323","1":"product","2":"type-product","3":"status-publish","4":"has-post-thumbnail","6":"product_cat-software-de-pre-impressao","7":"pa_baujahr-127","8":"pa_hersteller-kodak","9":"pa_typ-preps-pro-5-3","11":"first","12":"instock","13":"sold-individually","14":"taxable","15":"shipping-taxable","16":"purchasable","17":"product-type-simple"},"jetpack_sharing_enabled":true,"_links":{"self":[{"href":"https:\/\/www.3p-gmbh.de\/pt-br\/wp-json\/wp\/v2\/product\/93323","targetHints":{"allow":["GET"]}}],"collection":[{"href":"https:\/\/www.3p-gmbh.de\/pt-br\/wp-json\/wp\/v2\/product"}],"about":[{"href":"https:\/\/www.3p-gmbh.de\/pt-br\/wp-json\/wp\/v2\/types\/product"}],"wp:featuredmedia":[{"embeddable":true,"href":"https:\/\/www.3p-gmbh.de\/pt-br\/wp-json\/wp\/v2\/media\/64905"}],"wp:attachment":[{"href":"https:\/\/www.3p-gmbh.de\/pt-br\/wp-json\/wp\/v2\/media?parent=93323"}],"wp:term":[{"taxonomy":"product_brand","embeddable":true,"href":"https:\/\/www.3p-gmbh.de\/pt-br\/wp-json\/wp\/v2\/product_brand?post=93323"},{"taxonomy":"product_cat","embeddable":true,"href":"https:\/\/www.3p-gmbh.de\/pt-br\/wp-json\/wp\/v2\/product_cat?post=93323"},{"taxonomy":"product_tag","embeddable":true,"href":"https:\/\/www.3p-gmbh.de\/pt-br\/wp-json\/wp\/v2\/product_tag?post=93323"}],"curies":[{"name":"wp","href":"https:\/\/api.w.org\/{rel}","templated":true}]}}