{"id":93300,"date":"2019-07-11T13:54:02","date_gmt":"2019-07-11T13:54:02","guid":{"rendered":"https:\/\/www.3p-gmbh.de\/produkt\/sistema-ctp-dotmate-7500-da-esko\/"},"modified":"2019-07-11T13:54:02","modified_gmt":"2019-07-11T13:54:02","slug":"cinematografia-4","status":"publish","type":"product","link":"https:\/\/www.3p-gmbh.de\/pt-br\/produkt\/cinematografia-4\/","title":{"rendered":"Sistema CtP Dotmate 7500 da Esko"},"content":{"rendered":"<p>A DotMate 7500 \u00e9 uma impressora B2+ altamente produtiva que pode, em alternativa, produzir pel\u00edcula convencional ou chapas de impress\u00e3o de poli\u00e9ster.<\/p>\n<ul>\n<li>Formato de exposi\u00e7\u00e3o 610 mm x 750 mm<\/li>\n<li>20 filmes de formato integral por hora<\/li>\n<li>Resolu\u00e7\u00e3o de 900 &#8211; 3600 dpi<\/li>\n<li>Pun\u00e7\u00e3o interno de Bacher<\/li>\n<li>Tamanho do ponto (dependendo da resolu\u00e7\u00e3o) 8 &#8211; 21 m\u00edcrones<\/li>\n<li>Repetibilidade +\/- 5 microns<\/li>\n<li>processador em linha totalmente integrado com dessaliniza\u00e7\u00e3o do banho fusor, controlado atrav\u00e9s do software da consola no computador de bordo<\/li>\n<li>Tecnologia de tambor interior<\/li>\n<li>Com rasg\u00e3o<\/li>\n<\/ul>\n","protected":false},"excerpt":{"rendered":"<p>A DotMate 7500 \u00e9 uma impressora B2+ altamente produtiva que pode, em alternativa, produzir pel\u00edcula convencional ou chapas de impress\u00e3o de poli\u00e9ster. Formato de exposi\u00e7\u00e3o 610 mm x 750 mm 20 filmes de formato integral por hora Resolu\u00e7\u00e3o de 900 &#8211; 3600 dpi Pun\u00e7\u00e3o interno de Bacher Tamanho do ponto (dependendo da resolu\u00e7\u00e3o) 8 &#8211; [&hellip;]<\/p>\n","protected":false},"featured_media":64938,"template":"","meta":[],"product_brand":[],"product_cat":[2865],"product_tag":[],"class_list":{"0":"post-93300","1":"product","2":"type-product","3":"status-publish","4":"has-post-thumbnail","6":"product_cat-sistemas-computadorizados-para-placas","7":"pa_baujahr-123","8":"pa_hersteller-scanview-esco-graphic","9":"pa_typ-dotmate-7500","11":"first","12":"instock","13":"sold-individually","14":"taxable","15":"shipping-taxable","16":"purchasable","17":"product-type-simple"},"jetpack_sharing_enabled":true,"_links":{"self":[{"href":"https:\/\/www.3p-gmbh.de\/pt-br\/wp-json\/wp\/v2\/product\/93300","targetHints":{"allow":["GET"]}}],"collection":[{"href":"https:\/\/www.3p-gmbh.de\/pt-br\/wp-json\/wp\/v2\/product"}],"about":[{"href":"https:\/\/www.3p-gmbh.de\/pt-br\/wp-json\/wp\/v2\/types\/product"}],"wp:featuredmedia":[{"embeddable":true,"href":"https:\/\/www.3p-gmbh.de\/pt-br\/wp-json\/wp\/v2\/media\/64938"}],"wp:attachment":[{"href":"https:\/\/www.3p-gmbh.de\/pt-br\/wp-json\/wp\/v2\/media?parent=93300"}],"wp:term":[{"taxonomy":"product_brand","embeddable":true,"href":"https:\/\/www.3p-gmbh.de\/pt-br\/wp-json\/wp\/v2\/product_brand?post=93300"},{"taxonomy":"product_cat","embeddable":true,"href":"https:\/\/www.3p-gmbh.de\/pt-br\/wp-json\/wp\/v2\/product_cat?post=93300"},{"taxonomy":"product_tag","embeddable":true,"href":"https:\/\/www.3p-gmbh.de\/pt-br\/wp-json\/wp\/v2\/product_tag?post=93300"}],"curies":[{"name":"wp","href":"https:\/\/api.w.org\/{rel}","templated":true}]}}