{"id":93299,"date":"2019-07-11T13:53:56","date_gmt":"2019-07-11T13:53:56","guid":{"rendered":"https:\/\/www.3p-gmbh.de\/produkt\/heidelberg-polysetter-52-platesetter-de-poliester\/"},"modified":"2019-07-11T13:53:56","modified_gmt":"2019-07-11T13:53:56","slug":"gravador-de-chapas-de-poliester-2","status":"publish","type":"product","link":"https:\/\/www.3p-gmbh.de\/pt-br\/produkt\/gravador-de-chapas-de-poliester-2\/","title":{"rendered":"Heidelberg Polysetter 52 Platesetter de poli\u00e9ster"},"content":{"rendered":"<p>O sistema CtP de poli\u00e9ster, que produz chapas de poli\u00e9ster separadas por cores, cortadas e com precis\u00e3o de registo at\u00e9 um m\u00e1ximo de Formato Heidelberg SM 52 consum\u00edveis que podem ser utilizados imediatamente na prensa.<\/p>\n<ul>\n<li>m\u00e1ximo. Formato: 460 x 550 mm<\/li>\n<li>Perfurador de registo integrado<\/li>\n<li>Desenvolvimento em linha<\/li>\n<li>Prinect MetaShooter<\/li>\n<\/ul>\n","protected":false},"excerpt":{"rendered":"<p>O sistema CtP de poli\u00e9ster, que produz chapas de poli\u00e9ster separadas por cores, cortadas e com precis\u00e3o de registo at\u00e9 um m\u00e1ximo de Formato Heidelberg SM 52 consum\u00edveis que podem ser utilizados imediatamente na prensa. m\u00e1ximo. Formato: 460 x 550 mm Perfurador de registo integrado Desenvolvimento em linha Prinect MetaShooter<\/p>\n","protected":false},"featured_media":64932,"template":"","meta":[],"product_brand":[],"product_cat":[2865],"product_tag":[],"class_list":{"0":"post-93299","1":"product","2":"type-product","3":"status-publish","4":"has-post-thumbnail","6":"product_cat-sistemas-computadorizados-para-placas","7":"pa_baujahr-168","8":"pa_hersteller-heidelberg","9":"pa_typ-polysetter-52","11":"first","12":"instock","13":"sold-individually","14":"taxable","15":"shipping-taxable","16":"purchasable","17":"product-type-simple"},"jetpack_sharing_enabled":true,"_links":{"self":[{"href":"https:\/\/www.3p-gmbh.de\/pt-br\/wp-json\/wp\/v2\/product\/93299","targetHints":{"allow":["GET"]}}],"collection":[{"href":"https:\/\/www.3p-gmbh.de\/pt-br\/wp-json\/wp\/v2\/product"}],"about":[{"href":"https:\/\/www.3p-gmbh.de\/pt-br\/wp-json\/wp\/v2\/types\/product"}],"wp:featuredmedia":[{"embeddable":true,"href":"https:\/\/www.3p-gmbh.de\/pt-br\/wp-json\/wp\/v2\/media\/64932"}],"wp:attachment":[{"href":"https:\/\/www.3p-gmbh.de\/pt-br\/wp-json\/wp\/v2\/media?parent=93299"}],"wp:term":[{"taxonomy":"product_brand","embeddable":true,"href":"https:\/\/www.3p-gmbh.de\/pt-br\/wp-json\/wp\/v2\/product_brand?post=93299"},{"taxonomy":"product_cat","embeddable":true,"href":"https:\/\/www.3p-gmbh.de\/pt-br\/wp-json\/wp\/v2\/product_cat?post=93299"},{"taxonomy":"product_tag","embeddable":true,"href":"https:\/\/www.3p-gmbh.de\/pt-br\/wp-json\/wp\/v2\/product_tag?post=93299"}],"curies":[{"name":"wp","href":"https:\/\/api.w.org\/{rel}","templated":true}]}}