{"id":93287,"date":"2019-07-11T13:54:02","date_gmt":"2019-07-11T13:54:02","guid":{"rendered":"https:\/\/www.3p-gmbh.de\/produkt\/quadro-de-copia-theimer-copymat-o-64\/"},"modified":"2019-07-11T13:54:02","modified_gmt":"2019-07-11T13:54:02","slug":"fotocopia","status":"publish","type":"product","link":"https:\/\/www.3p-gmbh.de\/pt-br\/produkt\/fotocopia\/","title":{"rendered":"Quadro de c\u00f3pia Theimer Copymat O 64"},"content":{"rendered":"<ul>\n<li>Modelo 3363<\/li>\n<li>Tamanho do encaixe 64x75cm<\/li>\n<li>L\u00e2mpada MH de 2,5 KW<\/li>\n<li>Sistema autom\u00e1tico de espalhamento de folhas<\/li>\n<li>O v\u00e1cuo Theimospeed<\/li>\n<li>Programa autom\u00e1tico<\/li>\n<\/ul>\n","protected":false},"excerpt":{"rendered":"<p>Modelo 3363 Tamanho do encaixe 64x75cm L\u00e2mpada MH de 2,5 KW Sistema autom\u00e1tico de espalhamento de folhas O v\u00e1cuo Theimospeed Programa autom\u00e1tico<\/p>\n","protected":false},"featured_media":64998,"template":"","meta":[],"product_brand":[],"product_cat":[2997],"product_tag":[],"class_list":{"0":"post-93287","1":"product","2":"type-product","3":"status-publish","4":"has-post-thumbnail","6":"product_cat-processamento-de-chapas-de-impressao-pt-br","7":"pa_baujahr-130","8":"pa_hersteller-theimer","9":"pa_typ-copymat-o-64","11":"first","12":"instock","13":"sold-individually","14":"taxable","15":"shipping-taxable","16":"purchasable","17":"product-type-simple"},"jetpack_sharing_enabled":true,"_links":{"self":[{"href":"https:\/\/www.3p-gmbh.de\/pt-br\/wp-json\/wp\/v2\/product\/93287","targetHints":{"allow":["GET"]}}],"collection":[{"href":"https:\/\/www.3p-gmbh.de\/pt-br\/wp-json\/wp\/v2\/product"}],"about":[{"href":"https:\/\/www.3p-gmbh.de\/pt-br\/wp-json\/wp\/v2\/types\/product"}],"wp:featuredmedia":[{"embeddable":true,"href":"https:\/\/www.3p-gmbh.de\/pt-br\/wp-json\/wp\/v2\/media\/64998"}],"wp:attachment":[{"href":"https:\/\/www.3p-gmbh.de\/pt-br\/wp-json\/wp\/v2\/media?parent=93287"}],"wp:term":[{"taxonomy":"product_brand","embeddable":true,"href":"https:\/\/www.3p-gmbh.de\/pt-br\/wp-json\/wp\/v2\/product_brand?post=93287"},{"taxonomy":"product_cat","embeddable":true,"href":"https:\/\/www.3p-gmbh.de\/pt-br\/wp-json\/wp\/v2\/product_cat?post=93287"},{"taxonomy":"product_tag","embeddable":true,"href":"https:\/\/www.3p-gmbh.de\/pt-br\/wp-json\/wp\/v2\/product_tag?post=93287"}],"curies":[{"name":"wp","href":"https:\/\/api.w.org\/{rel}","templated":true}]}}