{"id":93280,"date":"2019-07-11T13:54:02","date_gmt":"2019-07-11T13:54:02","guid":{"rendered":"https:\/\/www.3p-gmbh.de\/produkt\/heidelberg-hercules-basic-filmsetter\/"},"modified":"2019-07-11T13:54:02","modified_gmt":"2019-07-11T13:54:02","slug":"cinematografia-8","status":"publish","type":"product","link":"https:\/\/www.3p-gmbh.de\/pt-br\/produkt\/cinematografia-8\/","title":{"rendered":"Heidelberg Hercules Basic filmsetter"},"content":{"rendered":"<ul>\n<li>Formato da exposi\u00e7\u00e3o 750 x 558 mm<\/li>\n<li>Resolu\u00e7\u00e3o m\u00e1x. 5080 dpi<\/li>\n<li>Pun\u00e7\u00e3o Bacher lado comprido<\/li>\n<li>com Online Glunz &amp; Jensen ML 860 OL<\/li>\n<li>Heidelberg Delta 8.5 Rip Postscript N\u00edvel 3<\/li>\n<\/ul>\n","protected":false},"excerpt":{"rendered":"<p>Formato da exposi\u00e7\u00e3o 750 x 558 mm Resolu\u00e7\u00e3o m\u00e1x. 5080 dpi Pun\u00e7\u00e3o Bacher lado comprido com Online Glunz &amp; Jensen ML 860 OL Heidelberg Delta 8.5 Rip Postscript N\u00edvel 3<\/p>\n","protected":false},"featured_media":65001,"template":"","meta":[],"product_brand":[],"product_cat":[2937],"product_tag":[],"class_list":{"0":"post-93280","1":"product","2":"type-product","3":"status-publish","4":"has-post-thumbnail","6":"product_cat-sistemas-de-revelacao-de-filmes","7":"pa_baujahr-158","8":"pa_hersteller-heidelberg","9":"pa_typ-herkules-basic","11":"first","12":"instock","13":"sold-individually","14":"taxable","15":"shipping-taxable","16":"purchasable","17":"product-type-simple"},"jetpack_sharing_enabled":true,"_links":{"self":[{"href":"https:\/\/www.3p-gmbh.de\/pt-br\/wp-json\/wp\/v2\/product\/93280","targetHints":{"allow":["GET"]}}],"collection":[{"href":"https:\/\/www.3p-gmbh.de\/pt-br\/wp-json\/wp\/v2\/product"}],"about":[{"href":"https:\/\/www.3p-gmbh.de\/pt-br\/wp-json\/wp\/v2\/types\/product"}],"wp:featuredmedia":[{"embeddable":true,"href":"https:\/\/www.3p-gmbh.de\/pt-br\/wp-json\/wp\/v2\/media\/65001"}],"wp:attachment":[{"href":"https:\/\/www.3p-gmbh.de\/pt-br\/wp-json\/wp\/v2\/media?parent=93280"}],"wp:term":[{"taxonomy":"product_brand","embeddable":true,"href":"https:\/\/www.3p-gmbh.de\/pt-br\/wp-json\/wp\/v2\/product_brand?post=93280"},{"taxonomy":"product_cat","embeddable":true,"href":"https:\/\/www.3p-gmbh.de\/pt-br\/wp-json\/wp\/v2\/product_cat?post=93280"},{"taxonomy":"product_tag","embeddable":true,"href":"https:\/\/www.3p-gmbh.de\/pt-br\/wp-json\/wp\/v2\/product_tag?post=93280"}],"curies":[{"name":"wp","href":"https:\/\/api.w.org\/{rel}","templated":true}]}}