{"id":93271,"date":"2019-07-11T13:54:02","date_gmt":"2019-07-11T13:54:02","guid":{"rendered":"https:\/\/www.3p-gmbh.de\/produkt\/highwater-torrent-rip-v6-com-saida-tiff-luescher\/"},"modified":"2019-07-11T13:54:02","modified_gmt":"2019-07-11T13:54:02","slug":"highwater-torrent-rip-v6-for-luescher-ctp","status":"publish","type":"product","link":"https:\/\/www.3p-gmbh.de\/pt-br\/produkt\/highwater-torrent-rip-v6-for-luescher-ctp\/","title":{"rendered":"Highwater Torrent Rip V6 com sa\u00edda Tiff (L\u00fcscher)"},"content":{"rendered":"<ul>\n<li>com sa\u00edda Tiff de 1 bit, por exemplo, para sistemas CTP da L\u00fcscher<\/li>\n<li>Vers\u00e3o do software 6.0 SP 4 d<\/li>\n<li>Postscript N\u00edvel III, PDF<\/li>\n<li>Entrada atrav\u00e9s de hotfolder ou impressora Apple Talk<\/li>\n<li>Sa\u00edda em formato Tiff de 1 bit (sa\u00edda atrav\u00e9s da rede para o spooler Q2, o spooler Q2 n\u00e3o est\u00e1 inclu\u00eddo no \u00e2mbito da entrega)<\/li>\n<li>\u00c2mbito de fornecimento: Dongle e CD de instala\u00e7\u00e3o<\/li>\n<\/ul>\n","protected":false},"excerpt":{"rendered":"<p>com sa\u00edda Tiff de 1 bit, por exemplo, para sistemas CTP da L\u00fcscher Vers\u00e3o do software 6.0 SP 4 d Postscript N\u00edvel III, PDF Entrada atrav\u00e9s de hotfolder ou impressora Apple Talk Sa\u00edda em formato Tiff de 1 bit (sa\u00edda atrav\u00e9s da rede para o spooler Q2, o spooler Q2 n\u00e3o est\u00e1 inclu\u00eddo no \u00e2mbito [&hellip;]<\/p>\n","protected":false},"featured_media":65046,"template":"","meta":[],"product_brand":[],"product_cat":[3007],"product_tag":[],"class_list":{"0":"post-93271","1":"product","2":"type-product","3":"status-publish","4":"has-post-thumbnail","6":"product_cat-software-de-pre-impressao","7":"pa_baujahr-127","8":"pa_hersteller-highwater-torrent","9":"pa_typ-torrent-rip","11":"first","12":"instock","13":"sold-individually","14":"taxable","15":"shipping-taxable","16":"purchasable","17":"product-type-simple"},"jetpack_sharing_enabled":true,"_links":{"self":[{"href":"https:\/\/www.3p-gmbh.de\/pt-br\/wp-json\/wp\/v2\/product\/93271","targetHints":{"allow":["GET"]}}],"collection":[{"href":"https:\/\/www.3p-gmbh.de\/pt-br\/wp-json\/wp\/v2\/product"}],"about":[{"href":"https:\/\/www.3p-gmbh.de\/pt-br\/wp-json\/wp\/v2\/types\/product"}],"wp:featuredmedia":[{"embeddable":true,"href":"https:\/\/www.3p-gmbh.de\/pt-br\/wp-json\/wp\/v2\/media\/65046"}],"wp:attachment":[{"href":"https:\/\/www.3p-gmbh.de\/pt-br\/wp-json\/wp\/v2\/media?parent=93271"}],"wp:term":[{"taxonomy":"product_brand","embeddable":true,"href":"https:\/\/www.3p-gmbh.de\/pt-br\/wp-json\/wp\/v2\/product_brand?post=93271"},{"taxonomy":"product_cat","embeddable":true,"href":"https:\/\/www.3p-gmbh.de\/pt-br\/wp-json\/wp\/v2\/product_cat?post=93271"},{"taxonomy":"product_tag","embeddable":true,"href":"https:\/\/www.3p-gmbh.de\/pt-br\/wp-json\/wp\/v2\/product_tag?post=93271"}],"curies":[{"name":"wp","href":"https:\/\/api.w.org\/{rel}","templated":true}]}}