{"id":93265,"date":"2019-07-11T13:54:02","date_gmt":"2019-07-11T13:54:02","guid":{"rendered":"https:\/\/www.3p-gmbh.de\/produkt\/sistema-ctp-termico-kodak-magnus-400\/"},"modified":"2019-07-11T13:54:02","modified_gmt":"2019-07-11T13:54:02","slug":"camara-de-imagens-termica","status":"publish","type":"product","link":"https:\/\/www.3p-gmbh.de\/pt-br\/produkt\/camara-de-imagens-termica\/","title":{"rendered":"Sistema CtP t\u00e9rmico Kodak Magnus 400"},"content":{"rendered":"<ul>\n<li>para a exposi\u00e7\u00e3o de placas t\u00e9rmicas<\/li>\n<li>min. Formato da placa 228 x 311 mm<\/li>\n<li>m\u00e1ximo. Tamanho do painel 750 x 664 mm<\/li>\n<li>Capacidade de exposi\u00e7\u00e3o at\u00e9 21 chapas\/hora no formato 50 x 70 cm<\/li>\n<li>Resolu\u00e7\u00e3o 2038 a 3048 dpi<\/li>\n<li>Carregamento manual dos pain\u00e9is<\/li>\n<\/ul>\n","protected":false},"excerpt":{"rendered":"<p>para a exposi\u00e7\u00e3o de placas t\u00e9rmicas min. Formato da placa 228 x 311 mm m\u00e1ximo. Tamanho do painel 750 x 664 mm Capacidade de exposi\u00e7\u00e3o at\u00e9 21 chapas\/hora no formato 50 x 70 cm Resolu\u00e7\u00e3o 2038 a 3048 dpi Carregamento manual dos pain\u00e9is<\/p>\n","protected":false},"featured_media":65040,"template":"","meta":[],"product_brand":[],"product_cat":[2865],"product_tag":[],"class_list":{"0":"post-93265","1":"product","2":"type-product","3":"status-publish","4":"has-post-thumbnail","6":"product_cat-sistemas-computadorizados-para-placas","7":"pa_baujahr-127","8":"pa_hersteller-kodak-creo","9":"pa_typ-magnus-400","11":"first","12":"instock","13":"sold-individually","14":"taxable","15":"shipping-taxable","16":"purchasable","17":"product-type-simple"},"jetpack_sharing_enabled":true,"_links":{"self":[{"href":"https:\/\/www.3p-gmbh.de\/pt-br\/wp-json\/wp\/v2\/product\/93265","targetHints":{"allow":["GET"]}}],"collection":[{"href":"https:\/\/www.3p-gmbh.de\/pt-br\/wp-json\/wp\/v2\/product"}],"about":[{"href":"https:\/\/www.3p-gmbh.de\/pt-br\/wp-json\/wp\/v2\/types\/product"}],"wp:featuredmedia":[{"embeddable":true,"href":"https:\/\/www.3p-gmbh.de\/pt-br\/wp-json\/wp\/v2\/media\/65040"}],"wp:attachment":[{"href":"https:\/\/www.3p-gmbh.de\/pt-br\/wp-json\/wp\/v2\/media?parent=93265"}],"wp:term":[{"taxonomy":"product_brand","embeddable":true,"href":"https:\/\/www.3p-gmbh.de\/pt-br\/wp-json\/wp\/v2\/product_brand?post=93265"},{"taxonomy":"product_cat","embeddable":true,"href":"https:\/\/www.3p-gmbh.de\/pt-br\/wp-json\/wp\/v2\/product_cat?post=93265"},{"taxonomy":"product_tag","embeddable":true,"href":"https:\/\/www.3p-gmbh.de\/pt-br\/wp-json\/wp\/v2\/product_tag?post=93265"}],"curies":[{"name":"wp","href":"https:\/\/api.w.org\/{rel}","templated":true}]}}