{"id":93262,"date":"2019-07-11T13:54:02","date_gmt":"2019-07-11T13:54:02","guid":{"rendered":"https:\/\/www.3p-gmbh.de\/produkt\/dispositivo-de-medicao-da-placa-de-pressao-acme\/"},"modified":"2019-07-11T13:54:02","modified_gmt":"2019-07-11T13:54:02","slug":"dispositivo-de-medicao-da-placa-de-pressao-acme","status":"publish","type":"product","link":"https:\/\/www.3p-gmbh.de\/pt-br\/produkt\/dispositivo-de-medicao-da-placa-de-pressao-acme\/","title":{"rendered":"Dispositivo de medi\u00e7\u00e3o da placa de press\u00e3o ACME"},"content":{"rendered":"<ul>\n<li>para medi\u00e7\u00e3o e avalia\u00e7\u00e3o de placas de impress\u00e3o t\u00e9rmica<\/li>\n<li>Medi\u00e7\u00e3o da percentagem da grelha<\/li>\n<li>opera\u00e7\u00e3o mais f\u00e1cil<\/li>\n<li>Calibra\u00e7\u00e3o diretamente na chapa de impress\u00e3o<\/li>\n<li>Fonte de alimenta\u00e7\u00e3o Bateria de 9 volts<\/li>\n<li>ecr\u00e3 LCD de tr\u00eas d\u00edgitos<\/li>\n<li>Tecnologia de medi\u00e7\u00e3o atrav\u00e9s de c\u00e2mara CCD<\/li>\n<li>Luz LED multicolorida para visualiza\u00e7\u00e3o do processo de medi\u00e7\u00e3o e calibra\u00e7\u00e3o<\/li>\n<\/ul>\n","protected":false},"excerpt":{"rendered":"<p>para medi\u00e7\u00e3o e avalia\u00e7\u00e3o de placas de impress\u00e3o t\u00e9rmica Medi\u00e7\u00e3o da percentagem da grelha opera\u00e7\u00e3o mais f\u00e1cil Calibra\u00e7\u00e3o diretamente na chapa de impress\u00e3o Fonte de alimenta\u00e7\u00e3o Bateria de 9 volts ecr\u00e3 LCD de tr\u00eas d\u00edgitos Tecnologia de medi\u00e7\u00e3o atrav\u00e9s de c\u00e2mara CCD Luz LED multicolorida para visualiza\u00e7\u00e3o do processo de medi\u00e7\u00e3o e calibra\u00e7\u00e3o<\/p>\n","protected":false},"featured_media":65028,"template":"","meta":[],"product_brand":[],"product_cat":[2931],"product_tag":[],"class_list":{"0":"post-93262","1":"product","2":"type-product","3":"status-publish","4":"has-post-thumbnail","6":"product_cat-instrumentos-de-medicao-e-garantia-de-qualidade","7":"pa_baujahr-168","8":"pa_hersteller-acme","10":"first","11":"instock","12":"sold-individually","13":"taxable","14":"shipping-taxable","15":"purchasable","16":"product-type-simple"},"jetpack_sharing_enabled":true,"_links":{"self":[{"href":"https:\/\/www.3p-gmbh.de\/pt-br\/wp-json\/wp\/v2\/product\/93262","targetHints":{"allow":["GET"]}}],"collection":[{"href":"https:\/\/www.3p-gmbh.de\/pt-br\/wp-json\/wp\/v2\/product"}],"about":[{"href":"https:\/\/www.3p-gmbh.de\/pt-br\/wp-json\/wp\/v2\/types\/product"}],"wp:featuredmedia":[{"embeddable":true,"href":"https:\/\/www.3p-gmbh.de\/pt-br\/wp-json\/wp\/v2\/media\/65028"}],"wp:attachment":[{"href":"https:\/\/www.3p-gmbh.de\/pt-br\/wp-json\/wp\/v2\/media?parent=93262"}],"wp:term":[{"taxonomy":"product_brand","embeddable":true,"href":"https:\/\/www.3p-gmbh.de\/pt-br\/wp-json\/wp\/v2\/product_brand?post=93262"},{"taxonomy":"product_cat","embeddable":true,"href":"https:\/\/www.3p-gmbh.de\/pt-br\/wp-json\/wp\/v2\/product_cat?post=93262"},{"taxonomy":"product_tag","embeddable":true,"href":"https:\/\/www.3p-gmbh.de\/pt-br\/wp-json\/wp\/v2\/product_tag?post=93262"}],"curies":[{"name":"wp","href":"https:\/\/api.w.org\/{rel}","templated":true}]}}