{"id":93254,"date":"2019-07-11T13:54:09","date_gmt":"2019-07-11T13:54:09","guid":{"rendered":"https:\/\/www.3p-gmbh.de\/produkt\/sistema-ctp-termico-heidelberg-suprasetter-74-s\/"},"modified":"2019-07-11T13:54:09","modified_gmt":"2019-07-11T13:54:09","slug":"gravador-de-placas-termico-3","status":"publish","type":"product","link":"https:\/\/www.3p-gmbh.de\/pt-br\/produkt\/gravador-de-placas-termico-3\/","title":{"rendered":"Sistema CtP t\u00e9rmico Heidelberg Suprasetter 74 S"},"content":{"rendered":"<ul>\n<li>com 4 cabe\u00e7as de laser, ou seja, capacidade de produ\u00e7\u00e3o de 21 chapas\/hora<\/li>\n<li>Sistema manual com ponte em linha para o desenvolvimento<\/li>\n<li>pun\u00e7\u00e3o interno de placa autom\u00e1tica 425mm<\/li>\n<li>m\u00e1ximo. Tamanho do painel 680&#215;750 mm<\/li>\n<li>min. Tamanho do painel 370x323mm<\/li>\n<li>Prinect Meta Shooter<\/li>\n<li>Prinect Meta Dimension<\/li>\n<li>Revela\u00e7\u00e3o de chapas Kodak Mercury 850<\/li>\n<\/ul>\n","protected":false},"excerpt":{"rendered":"<p>com 4 cabe\u00e7as de laser, ou seja, capacidade de produ\u00e7\u00e3o de 21 chapas\/hora Sistema manual com ponte em linha para o desenvolvimento pun\u00e7\u00e3o interno de placa autom\u00e1tica 425mm m\u00e1ximo. Tamanho do painel 680&#215;750 mm min. Tamanho do painel 370x323mm Prinect Meta Shooter Prinect Meta Dimension Revela\u00e7\u00e3o de chapas Kodak Mercury 850<\/p>\n","protected":false},"featured_media":65100,"template":"","meta":[],"product_brand":[],"product_cat":[2865],"product_tag":[],"class_list":{"0":"post-93254","1":"product","2":"type-product","3":"status-publish","4":"has-post-thumbnail","6":"product_cat-sistemas-computadorizados-para-placas","7":"pa_baujahr-198","8":"pa_hersteller-heidelberg","9":"pa_typ-suprasetter-74-s","11":"first","12":"instock","13":"sold-individually","14":"taxable","15":"shipping-taxable","16":"purchasable","17":"product-type-simple"},"jetpack_sharing_enabled":true,"_links":{"self":[{"href":"https:\/\/www.3p-gmbh.de\/pt-br\/wp-json\/wp\/v2\/product\/93254","targetHints":{"allow":["GET"]}}],"collection":[{"href":"https:\/\/www.3p-gmbh.de\/pt-br\/wp-json\/wp\/v2\/product"}],"about":[{"href":"https:\/\/www.3p-gmbh.de\/pt-br\/wp-json\/wp\/v2\/types\/product"}],"wp:featuredmedia":[{"embeddable":true,"href":"https:\/\/www.3p-gmbh.de\/pt-br\/wp-json\/wp\/v2\/media\/65100"}],"wp:attachment":[{"href":"https:\/\/www.3p-gmbh.de\/pt-br\/wp-json\/wp\/v2\/media?parent=93254"}],"wp:term":[{"taxonomy":"product_brand","embeddable":true,"href":"https:\/\/www.3p-gmbh.de\/pt-br\/wp-json\/wp\/v2\/product_brand?post=93254"},{"taxonomy":"product_cat","embeddable":true,"href":"https:\/\/www.3p-gmbh.de\/pt-br\/wp-json\/wp\/v2\/product_cat?post=93254"},{"taxonomy":"product_tag","embeddable":true,"href":"https:\/\/www.3p-gmbh.de\/pt-br\/wp-json\/wp\/v2\/product_tag?post=93254"}],"curies":[{"name":"wp","href":"https:\/\/api.w.org\/{rel}","templated":true}]}}