{"id":93247,"date":"2019-07-11T13:54:09","date_gmt":"2019-07-11T13:54:09","guid":{"rendered":"https:\/\/www.3p-gmbh.de\/produkt\/sistema-ctp-termico-heidelberg-suprasetter-105-s\/"},"modified":"2019-07-11T13:54:09","modified_gmt":"2019-07-11T13:54:09","slug":"gravador-de-placas-termico-2","status":"publish","type":"product","link":"https:\/\/www.3p-gmbh.de\/pt-br\/produkt\/gravador-de-placas-termico-2\/","title":{"rendered":"Sistema CtP t\u00e9rmico Heidelberg Suprasetter 105 S"},"content":{"rendered":"<ul>\n<li>Ano de fabrico 3- 2007<\/li>\n<li>Sa\u00edda de laser apenas aprox. 3400 horas<\/li>\n<li>3 lasers t\u00e9rmicos de 830 nm, para um rendimento m\u00e1ximo de 21 pratos\/h<\/li>\n<li>Min. Formato do painel (altura \u00d7 largura) 370 \u00d7 323 mm<\/li>\n<li>M\u00e1ximo. Formato do painel (altura \u00d7 largura) 930 \u00d7 1.140 mm<\/li>\n<li>Espessura do painel 0,15-0,35 mm<\/li>\n<li>Resolu\u00e7\u00e3o 2.400 ou 2.540 dpi<\/li>\n<li>Par de perfura\u00e7\u00f5es internas 780 mm \/ 425 mm<\/li>\n<li>SCL Carregador de cassetes simples<\/li>\n<li>Unidade de carga e descarga de chapas totalmente autom\u00e1tica com remo\u00e7\u00e3o autom\u00e1tica do papel interm\u00e9dio e ponte integrada de 90 graus para o processador em linha<\/li>\n<li>Cassete com um m\u00e1ximo de 100 placas (0,3 mm) ou 150 placas (0,15 mm)<\/li>\n<li>Prinect MetaShooter<\/li>\n<li>Dimension Workflow 11.0<\/li>\n<li>preparado para exposi\u00e7\u00e3o lenticular Heidelberg<\/li>\n<li>Processador de chapas Kodak Mercury 850<\/li>\n<li>Empilhador com carrinho<\/li>\n<\/ul>\n","protected":false},"excerpt":{"rendered":"<p>Ano de fabrico 3- 2007 Sa\u00edda de laser apenas aprox. 3400 horas 3 lasers t\u00e9rmicos de 830 nm, para um rendimento m\u00e1ximo de 21 pratos\/h Min. Formato do painel (altura \u00d7 largura) 370 \u00d7 323 mm M\u00e1ximo. Formato do painel (altura \u00d7 largura) 930 \u00d7 1.140 mm Espessura do painel 0,15-0,35 mm Resolu\u00e7\u00e3o 2.400 ou [&hellip;]<\/p>\n","protected":false},"featured_media":65097,"template":"","meta":[],"product_brand":[],"product_cat":[2865],"product_tag":[],"class_list":{"0":"post-93247","1":"product","2":"type-product","3":"status-publish","4":"has-post-thumbnail","6":"product_cat-sistemas-computadorizados-para-placas","7":"pa_baujahr-140","8":"pa_hersteller-heidelberg","9":"pa_typ-suprasetter-105-s","11":"first","12":"instock","13":"sold-individually","14":"taxable","15":"shipping-taxable","16":"purchasable","17":"product-type-simple"},"jetpack_sharing_enabled":true,"_links":{"self":[{"href":"https:\/\/www.3p-gmbh.de\/pt-br\/wp-json\/wp\/v2\/product\/93247","targetHints":{"allow":["GET"]}}],"collection":[{"href":"https:\/\/www.3p-gmbh.de\/pt-br\/wp-json\/wp\/v2\/product"}],"about":[{"href":"https:\/\/www.3p-gmbh.de\/pt-br\/wp-json\/wp\/v2\/types\/product"}],"wp:featuredmedia":[{"embeddable":true,"href":"https:\/\/www.3p-gmbh.de\/pt-br\/wp-json\/wp\/v2\/media\/65097"}],"wp:attachment":[{"href":"https:\/\/www.3p-gmbh.de\/pt-br\/wp-json\/wp\/v2\/media?parent=93247"}],"wp:term":[{"taxonomy":"product_brand","embeddable":true,"href":"https:\/\/www.3p-gmbh.de\/pt-br\/wp-json\/wp\/v2\/product_brand?post=93247"},{"taxonomy":"product_cat","embeddable":true,"href":"https:\/\/www.3p-gmbh.de\/pt-br\/wp-json\/wp\/v2\/product_cat?post=93247"},{"taxonomy":"product_tag","embeddable":true,"href":"https:\/\/www.3p-gmbh.de\/pt-br\/wp-json\/wp\/v2\/product_tag?post=93247"}],"curies":[{"name":"wp","href":"https:\/\/api.w.org\/{rel}","templated":true}]}}