{"id":93241,"date":"2019-07-11T13:54:02","date_gmt":"2019-07-11T13:54:02","guid":{"rendered":"https:\/\/www.3p-gmbh.de\/produkt\/ecra-sistema-ctp-termico-pt-r-8000-da-platerite\/"},"modified":"2019-07-11T13:54:02","modified_gmt":"2019-07-11T13:54:02","slug":"sistema-3-ctp-termico","status":"publish","type":"product","link":"https:\/\/www.3p-gmbh.de\/pt-br\/produkt\/sistema-3-ctp-termico\/","title":{"rendered":"Ecr\u00e3 Sistema CtP t\u00e9rmico PT-R 8000 da Platerite"},"content":{"rendered":"<ul>\n<li>  para exposi\u00e7\u00e3o de placas de impress\u00e3o t\u00e9rmica<\/li>\n<li>cerca de 135.000 placas ilustradas<\/li>\n<li>Resolu\u00e7\u00e3o 1200,2000, 2400, 2540, 4000 dpi<\/li>\n<li>32 d\u00edodos<\/li>\n<li>pun\u00e7\u00e3o interno de placa autom\u00e1tica 425 e 780 mm<\/li>\n<li>Carregador autom\u00e1tico \u00fanico com cassete \u00fanica<\/li>\n<li>Ponte com empilhador<\/li>\n<\/ul>\n<p>Fuji Celebrant Suite Workflow Vers\u00e3o 6.1.3 com hardware e dongle para PC<br \/>\ncom as seguintes activa\u00e7\u00f5es:<\/p>\n<p>Op\u00e7\u00e3o de comprovante gen\u00e9rico de baixa resolu\u00e7\u00e3o, Op\u00e7\u00e3o de exporta\u00e7\u00e3o de Tiff de baixa resolu\u00e7\u00e3o, M\u00f3dulo de exporta\u00e7\u00e3o de Tiff, Imposi\u00e7\u00e3o, Motor de classe B, Base PS Rip, HR (&gt;1200 dpi) Sa\u00edda de contorno, HR (&gt;1200 ppp), sa\u00edda em ecr\u00e3, InRip Trapping para Rip, sa\u00edda LR (&amp;lt 1200 ppp) Contone, configura\u00e7\u00e3o Multi-PC, Postscript N\u00edvel III, Descreener, M\u00f3dulo de fus\u00e3o e ecr\u00e3, conversa\u00e7\u00e3o TIFF\/IT, Primer, Protofer de jato de tinta de classe<\/p>\n","protected":false},"excerpt":{"rendered":"<p>para exposi\u00e7\u00e3o de placas de impress\u00e3o t\u00e9rmica cerca de 135.000 placas ilustradas Resolu\u00e7\u00e3o 1200,2000, 2400, 2540, 4000 dpi 32 d\u00edodos pun\u00e7\u00e3o interno de placa autom\u00e1tica 425 e 780 mm Carregador autom\u00e1tico \u00fanico com cassete \u00fanica Ponte com empilhador Fuji Celebrant Suite Workflow Vers\u00e3o 6.1.3 com hardware e dongle para PC com as seguintes activa\u00e7\u00f5es: Op\u00e7\u00e3o [&hellip;]<\/p>\n","protected":false},"featured_media":65076,"template":"","meta":[],"product_brand":[],"product_cat":[2865],"product_tag":[],"class_list":{"0":"post-93241","1":"product","2":"type-product","3":"status-publish","4":"has-post-thumbnail","6":"product_cat-sistemas-computadorizados-para-placas","7":"pa_baujahr-153","8":"pa_hersteller-screen-fuji-agfa","9":"pa_typ-platerite-pt-r-8000-mk-ii","11":"first","12":"instock","13":"sold-individually","14":"taxable","15":"shipping-taxable","16":"purchasable","17":"product-type-simple"},"jetpack_sharing_enabled":true,"_links":{"self":[{"href":"https:\/\/www.3p-gmbh.de\/pt-br\/wp-json\/wp\/v2\/product\/93241","targetHints":{"allow":["GET"]}}],"collection":[{"href":"https:\/\/www.3p-gmbh.de\/pt-br\/wp-json\/wp\/v2\/product"}],"about":[{"href":"https:\/\/www.3p-gmbh.de\/pt-br\/wp-json\/wp\/v2\/types\/product"}],"wp:featuredmedia":[{"embeddable":true,"href":"https:\/\/www.3p-gmbh.de\/pt-br\/wp-json\/wp\/v2\/media\/65076"}],"wp:attachment":[{"href":"https:\/\/www.3p-gmbh.de\/pt-br\/wp-json\/wp\/v2\/media?parent=93241"}],"wp:term":[{"taxonomy":"product_brand","embeddable":true,"href":"https:\/\/www.3p-gmbh.de\/pt-br\/wp-json\/wp\/v2\/product_brand?post=93241"},{"taxonomy":"product_cat","embeddable":true,"href":"https:\/\/www.3p-gmbh.de\/pt-br\/wp-json\/wp\/v2\/product_cat?post=93241"},{"taxonomy":"product_tag","embeddable":true,"href":"https:\/\/www.3p-gmbh.de\/pt-br\/wp-json\/wp\/v2\/product_tag?post=93241"}],"curies":[{"name":"wp","href":"https:\/\/api.w.org\/{rel}","templated":true}]}}