{"id":93236,"date":"2019-07-11T13:54:02","date_gmt":"2019-07-11T13:54:02","guid":{"rendered":"https:\/\/www.3p-gmbh.de\/produkt\/placa-de-interface-de-aguas-altas-772-30\/"},"modified":"2019-07-11T13:54:02","modified_gmt":"2019-07-11T13:54:02","slug":"highwater-interface-card-772-30","status":"publish","type":"product","link":"https:\/\/www.3p-gmbh.de\/pt-br\/produkt\/highwater-interface-card-772-30\/","title":{"rendered":"Placa de interface de \u00e1guas altas 772-30"},"content":{"rendered":"<p>Placa de interface Highwater 772-30 para liga\u00e7\u00e3o a imagesetters de pel\u00edcula Linotype\/Heidelberg\/Scangraphic com interface LI2-LI5 (o rasgo real n\u00e3o est\u00e1 inclu\u00eddo)<\/p>\n","protected":false},"excerpt":{"rendered":"<p>Placa de interface Highwater 772-30 para liga\u00e7\u00e3o a imagesetters de pel\u00edcula Linotype\/Heidelberg\/Scangraphic com interface LI2-LI5 (o rasgo real n\u00e3o est\u00e1 inclu\u00eddo)<\/p>\n","protected":false},"featured_media":65067,"template":"","meta":[],"product_brand":[],"product_cat":[2937],"product_tag":[],"class_list":{"0":"post-93236","1":"product","2":"type-product","3":"status-publish","4":"has-post-thumbnail","6":"product_cat-sistemas-de-revelacao-de-filmes","7":"pa_baujahr-198","8":"pa_hersteller-highwater","9":"pa_typ-772-30","11":"first","12":"instock","13":"sold-individually","14":"taxable","15":"shipping-taxable","16":"purchasable","17":"product-type-simple"},"jetpack_sharing_enabled":true,"_links":{"self":[{"href":"https:\/\/www.3p-gmbh.de\/pt-br\/wp-json\/wp\/v2\/product\/93236","targetHints":{"allow":["GET"]}}],"collection":[{"href":"https:\/\/www.3p-gmbh.de\/pt-br\/wp-json\/wp\/v2\/product"}],"about":[{"href":"https:\/\/www.3p-gmbh.de\/pt-br\/wp-json\/wp\/v2\/types\/product"}],"wp:featuredmedia":[{"embeddable":true,"href":"https:\/\/www.3p-gmbh.de\/pt-br\/wp-json\/wp\/v2\/media\/65067"}],"wp:attachment":[{"href":"https:\/\/www.3p-gmbh.de\/pt-br\/wp-json\/wp\/v2\/media?parent=93236"}],"wp:term":[{"taxonomy":"product_brand","embeddable":true,"href":"https:\/\/www.3p-gmbh.de\/pt-br\/wp-json\/wp\/v2\/product_brand?post=93236"},{"taxonomy":"product_cat","embeddable":true,"href":"https:\/\/www.3p-gmbh.de\/pt-br\/wp-json\/wp\/v2\/product_cat?post=93236"},{"taxonomy":"product_tag","embeddable":true,"href":"https:\/\/www.3p-gmbh.de\/pt-br\/wp-json\/wp\/v2\/product_tag?post=93236"}],"curies":[{"name":"wp","href":"https:\/\/api.w.org\/{rel}","templated":true}]}}