{"id":93233,"date":"2019-07-11T13:54:09","date_gmt":"2019-07-11T13:54:09","guid":{"rendered":"https:\/\/www.3p-gmbh.de\/produkt\/maquina-ctp-totalmente-automatica-heidelberg-suprasetter-s-75-scl\/"},"modified":"2019-07-11T13:54:09","modified_gmt":"2019-07-11T13:54:09","slug":"gravadora-de-pratos-totalmente-automatica","status":"publish","type":"product","link":"https:\/\/www.3p-gmbh.de\/pt-br\/produkt\/gravadora-de-pratos-totalmente-automatica\/","title":{"rendered":"M\u00e1quina CtP totalmente autom\u00e1tica Heidelberg Suprasetter S 75 SCL"},"content":{"rendered":"<ul>\n<li>M\u00e1quina totalmente autom\u00e1tica com duas cassetes de armazenamento de placas m\u00f3veis, que devem ser inseridas conforme desejado<\/li>\n<li>laser t\u00e9rmico 830nm<\/li>\n<li>Resolu\u00e7\u00e3o 2540<\/li>\n<li>min. Formato 370 x 324 mm<\/li>\n<li>m\u00e1ximo. Formato 680 x 760 mm<\/li>\n<li>Espessura do painel 0,15-0,30 mm<\/li>\n<li>Sa\u00edda aprox. 21 pratos\/h<\/li>\n<li>Pun\u00e7\u00e3o Autoplate em linha 425 mm<\/li>\n<li>Heidelberg Meta Rip 4-up Vers\u00e3o 7.5.1<\/li>\n<li>Metashooter 4.5, CIP 4, Prinect Signa 4.5.3<\/li>\n<li>Prinect Prova de cor 4.0<\/li>\n<li>Gestor de pr\u00e9-imprensa M<\/li>\n<li>Glunz &amp; Jensen C 85 esta\u00e7\u00e3o de goma para placas sem processo<\/li>\n<li>Empilhador de pratos curtos Glunz &amp; Jensen<\/li>\n<\/ul>\n","protected":false},"excerpt":{"rendered":"<p>M\u00e1quina totalmente autom\u00e1tica com duas cassetes de armazenamento de placas m\u00f3veis, que devem ser inseridas conforme desejado laser t\u00e9rmico 830nm Resolu\u00e7\u00e3o 2540 min. Formato 370 x 324 mm m\u00e1ximo. Formato 680 x 760 mm Espessura do painel 0,15-0,30 mm Sa\u00edda aprox. 21 pratos\/h Pun\u00e7\u00e3o Autoplate em linha 425 mm Heidelberg Meta Rip 4-up Vers\u00e3o 7.5.1 [&hellip;]<\/p>\n","protected":false},"featured_media":65106,"template":"","meta":[],"product_brand":[],"product_cat":[2865],"product_tag":[],"class_list":{"0":"post-93233","1":"product","2":"type-product","3":"status-publish","4":"has-post-thumbnail","6":"product_cat-sistemas-computadorizados-para-placas","7":"pa_baujahr-127","8":"pa_hersteller-heidelberg","9":"pa_typ-suprasetter-s-75-scl","11":"first","12":"instock","13":"sold-individually","14":"taxable","15":"shipping-taxable","16":"purchasable","17":"product-type-simple"},"jetpack_sharing_enabled":true,"_links":{"self":[{"href":"https:\/\/www.3p-gmbh.de\/pt-br\/wp-json\/wp\/v2\/product\/93233","targetHints":{"allow":["GET"]}}],"collection":[{"href":"https:\/\/www.3p-gmbh.de\/pt-br\/wp-json\/wp\/v2\/product"}],"about":[{"href":"https:\/\/www.3p-gmbh.de\/pt-br\/wp-json\/wp\/v2\/types\/product"}],"wp:featuredmedia":[{"embeddable":true,"href":"https:\/\/www.3p-gmbh.de\/pt-br\/wp-json\/wp\/v2\/media\/65106"}],"wp:attachment":[{"href":"https:\/\/www.3p-gmbh.de\/pt-br\/wp-json\/wp\/v2\/media?parent=93233"}],"wp:term":[{"taxonomy":"product_brand","embeddable":true,"href":"https:\/\/www.3p-gmbh.de\/pt-br\/wp-json\/wp\/v2\/product_brand?post=93233"},{"taxonomy":"product_cat","embeddable":true,"href":"https:\/\/www.3p-gmbh.de\/pt-br\/wp-json\/wp\/v2\/product_cat?post=93233"},{"taxonomy":"product_tag","embeddable":true,"href":"https:\/\/www.3p-gmbh.de\/pt-br\/wp-json\/wp\/v2\/product_tag?post=93233"}],"curies":[{"name":"wp","href":"https:\/\/api.w.org\/{rel}","templated":true}]}}