{"id":93226,"date":"2019-07-11T13:54:09","date_gmt":"2019-07-11T13:54:09","guid":{"rendered":"https:\/\/www.3p-gmbh.de\/produkt\/sistema-ctp-termico-heidelberg-suprasetter-a-74\/"},"modified":"2019-07-11T13:54:09","modified_gmt":"2019-07-11T13:54:09","slug":"gravador-de-chapa-termico-4","status":"publish","type":"product","link":"https:\/\/www.3p-gmbh.de\/pt-br\/produkt\/gravador-de-chapa-termico-4\/","title":{"rendered":"Sistema CtP t\u00e9rmico Heidelberg Suprasetter A 74"},"content":{"rendered":"<ul>\n<li>Semi-autom\u00e1tico com sistema manual<\/li>\n<li>Laser t\u00e9rmico 830 nm<\/li>\n<li>Resolu\u00e7\u00e3o 2540 dpi<\/li>\n<li>min. Formato 370 x 324 mm<\/li>\n<li>m\u00e1ximo. Formato 680 x 760 mm<\/li>\n<li>Espessura do painel 0,15-0,30 mm<\/li>\n<li>Sa\u00edda aprox. 21 pratos\/h<\/li>\n<li>pun\u00e7\u00e3o em linha para placas autom\u00e1ticas 425 mm<\/li>\n<li>Heidelberg Meta Rip 7.5.1 com Meta Shooter<\/li>\n<li>com Prinect SignaStation<\/li>\n<\/ul>\n","protected":false},"excerpt":{"rendered":"<p>Semi-autom\u00e1tico com sistema manual Laser t\u00e9rmico 830 nm Resolu\u00e7\u00e3o 2540 dpi min. Formato 370 x 324 mm m\u00e1ximo. Formato 680 x 760 mm Espessura do painel 0,15-0,30 mm Sa\u00edda aprox. 21 pratos\/h pun\u00e7\u00e3o em linha para placas autom\u00e1ticas 425 mm Heidelberg Meta Rip 7.5.1 com Meta Shooter com Prinect SignaStation<\/p>\n","protected":false},"featured_media":65133,"template":"","meta":[],"product_brand":[],"product_cat":[2865],"product_tag":[],"class_list":{"0":"post-93226","1":"product","2":"type-product","3":"status-publish","4":"has-post-thumbnail","6":"product_cat-sistemas-computadorizados-para-placas","7":"pa_baujahr-140","8":"pa_hersteller-heidelberg","9":"pa_typ-suprasetter-a-74","11":"first","12":"instock","13":"sold-individually","14":"taxable","15":"shipping-taxable","16":"purchasable","17":"product-type-simple"},"jetpack_sharing_enabled":true,"_links":{"self":[{"href":"https:\/\/www.3p-gmbh.de\/pt-br\/wp-json\/wp\/v2\/product\/93226","targetHints":{"allow":["GET"]}}],"collection":[{"href":"https:\/\/www.3p-gmbh.de\/pt-br\/wp-json\/wp\/v2\/product"}],"about":[{"href":"https:\/\/www.3p-gmbh.de\/pt-br\/wp-json\/wp\/v2\/types\/product"}],"wp:featuredmedia":[{"embeddable":true,"href":"https:\/\/www.3p-gmbh.de\/pt-br\/wp-json\/wp\/v2\/media\/65133"}],"wp:attachment":[{"href":"https:\/\/www.3p-gmbh.de\/pt-br\/wp-json\/wp\/v2\/media?parent=93226"}],"wp:term":[{"taxonomy":"product_brand","embeddable":true,"href":"https:\/\/www.3p-gmbh.de\/pt-br\/wp-json\/wp\/v2\/product_brand?post=93226"},{"taxonomy":"product_cat","embeddable":true,"href":"https:\/\/www.3p-gmbh.de\/pt-br\/wp-json\/wp\/v2\/product_cat?post=93226"},{"taxonomy":"product_tag","embeddable":true,"href":"https:\/\/www.3p-gmbh.de\/pt-br\/wp-json\/wp\/v2\/product_tag?post=93226"}],"curies":[{"name":"wp","href":"https:\/\/api.w.org\/{rel}","templated":true}]}}