{"id":93225,"date":"2019-07-11T13:54:09","date_gmt":"2019-07-11T13:54:09","guid":{"rendered":"https:\/\/www.3p-gmbh.de\/produkt\/sistema-de-ctp-termico-heidelberg-suprasetter-74-s\/"},"modified":"2019-07-11T13:54:09","modified_gmt":"2019-07-11T13:54:09","slug":"sistema-ctp-termico-de-4-faces","status":"publish","type":"product","link":"https:\/\/www.3p-gmbh.de\/pt-br\/produkt\/sistema-ctp-termico-de-4-faces\/","title":{"rendered":"Sistema de CTP t\u00e9rmico Heidelberg Suprasetter 74 S"},"content":{"rendered":"<ul>\n<li>Sistema completo de CTP t\u00e9rmico semi-autom\u00e1tico Heidelberg<\/li>\n<li>com Printready Worklflow e lavagem de gomas<\/li>\n<li>Ano de fabrico agosto de 2006<\/li>\n<li>Prinect Meta Shooter<\/li>\n<li>Prinect Meta Rip<\/li>\n<li>Prinect Meta Printraedy Worklflow M<\/li>\n<li>Assinatura do Prinect<\/li>\n<li>Caixa de ferramentas PDF<\/li>\n<li>Impressora de provas Epson<\/li>\n<li>pun\u00e7\u00e3o de chapa interior 425mm Autoplate<\/li>\n<li>Aspira\u00e7\u00e3o para placas ablativas<\/li>\n<li>pun\u00e7\u00e3o interno de placa autom\u00e1tica 425mm<\/li>\n<li>m\u00e1ximo. Tamanho do painel 680&#215;750 mm<\/li>\n<li>min. Tamanho do painel 370x323mm<\/li>\n<li>Sistema manual de pain\u00e9is, eje\u00e7\u00e3o autom\u00e1tica de pain\u00e9is<\/li>\n<li>Sa\u00edda de 19 placas \/ hora em formato completo<\/li>\n<li>Borracha de lavagem Glunz &amp; Jensen C 85 com Stacker Advant PST 26<\/li>\n<\/ul>\n","protected":false},"excerpt":{"rendered":"<p>Sistema completo de CTP t\u00e9rmico semi-autom\u00e1tico Heidelberg com Printready Worklflow e lavagem de gomas Ano de fabrico agosto de 2006 Prinect Meta Shooter Prinect Meta Rip Prinect Meta Printraedy Worklflow M Assinatura do Prinect Caixa de ferramentas PDF Impressora de provas Epson pun\u00e7\u00e3o de chapa interior 425mm Autoplate Aspira\u00e7\u00e3o para placas ablativas pun\u00e7\u00e3o interno de [&hellip;]<\/p>\n","protected":false},"featured_media":70584,"template":"","meta":[],"product_brand":[],"product_cat":[2865],"product_tag":[],"class_list":{"0":"post-93225","1":"product","2":"type-product","3":"status-publish","4":"has-post-thumbnail","6":"product_cat-sistemas-computadorizados-para-placas","7":"pa_baujahr-127","8":"pa_hersteller-heidelberg","9":"pa_typ-suprasetter-74-s","11":"first","12":"instock","13":"sold-individually","14":"taxable","15":"shipping-taxable","16":"purchasable","17":"product-type-simple"},"jetpack_sharing_enabled":true,"_links":{"self":[{"href":"https:\/\/www.3p-gmbh.de\/pt-br\/wp-json\/wp\/v2\/product\/93225","targetHints":{"allow":["GET"]}}],"collection":[{"href":"https:\/\/www.3p-gmbh.de\/pt-br\/wp-json\/wp\/v2\/product"}],"about":[{"href":"https:\/\/www.3p-gmbh.de\/pt-br\/wp-json\/wp\/v2\/types\/product"}],"wp:featuredmedia":[{"embeddable":true,"href":"https:\/\/www.3p-gmbh.de\/pt-br\/wp-json\/wp\/v2\/media\/70584"}],"wp:attachment":[{"href":"https:\/\/www.3p-gmbh.de\/pt-br\/wp-json\/wp\/v2\/media?parent=93225"}],"wp:term":[{"taxonomy":"product_brand","embeddable":true,"href":"https:\/\/www.3p-gmbh.de\/pt-br\/wp-json\/wp\/v2\/product_brand?post=93225"},{"taxonomy":"product_cat","embeddable":true,"href":"https:\/\/www.3p-gmbh.de\/pt-br\/wp-json\/wp\/v2\/product_cat?post=93225"},{"taxonomy":"product_tag","embeddable":true,"href":"https:\/\/www.3p-gmbh.de\/pt-br\/wp-json\/wp\/v2\/product_tag?post=93225"}],"curies":[{"name":"wp","href":"https:\/\/api.w.org\/{rel}","templated":true}]}}