{"id":93220,"date":"2019-07-11T13:54:09","date_gmt":"2019-07-11T13:54:09","guid":{"rendered":"https:\/\/www.3p-gmbh.de\/produkt\/sistema-ctp-heidelberg-suprasetter-a-75\/"},"modified":"2019-07-11T13:54:09","modified_gmt":"2019-07-11T13:54:09","slug":"camara-de-imagens-termicas-ctp","status":"publish","type":"product","link":"https:\/\/www.3p-gmbh.de\/pt-br\/produkt\/camara-de-imagens-termicas-ctp\/","title":{"rendered":"Sistema CTP Heidelberg Suprasetter A 75"},"content":{"rendered":"<ul>\n<li>com Prinect Meta Dimension Rip<\/li>\n<li>M\u00e1quina CTP totalmente autom\u00e1tica com cassete de armazenamento de placas ATL<\/li>\n<li>laser t\u00e9rmico 830nm<\/li>\n<li>Dispositivo de aspira\u00e7\u00e3o para placas sem processo<\/li>\n<li>Resolu\u00e7\u00e3o 2540 dpi<\/li>\n<li>min. Formato 370 x 324 mm<\/li>\n<li>m\u00e1ximo. Formato 680 x 760 mm<\/li>\n<li>Espessura do painel 0,15-0,30 mm<\/li>\n<li>pun\u00e7\u00e3o em linha 425 mm<\/li>\n<li>com Glunz &amp; Jensen WashGum 85<\/li>\n<li>com empilhador de placas curtas Advant PST-26<\/li>\n<\/ul>\n","protected":false},"excerpt":{"rendered":"<p>com Prinect Meta Dimension Rip M\u00e1quina CTP totalmente autom\u00e1tica com cassete de armazenamento de placas ATL laser t\u00e9rmico 830nm Dispositivo de aspira\u00e7\u00e3o para placas sem processo Resolu\u00e7\u00e3o 2540 dpi min. Formato 370 x 324 mm m\u00e1ximo. Formato 680 x 760 mm Espessura do painel 0,15-0,30 mm pun\u00e7\u00e3o em linha 425 mm com Glunz &amp; Jensen [&hellip;]<\/p>\n","protected":false},"featured_media":65142,"template":"","meta":[],"product_brand":[],"product_cat":[2865],"product_tag":[],"class_list":{"0":"post-93220","1":"product","2":"type-product","3":"status-publish","4":"has-post-thumbnail","6":"product_cat-sistemas-computadorizados-para-placas","7":"pa_baujahr-326","8":"pa_hersteller-heidelberg","9":"pa_typ-suprasetter-a-75-automation","11":"first","12":"instock","13":"sold-individually","14":"taxable","15":"shipping-taxable","16":"purchasable","17":"product-type-simple"},"jetpack_sharing_enabled":true,"_links":{"self":[{"href":"https:\/\/www.3p-gmbh.de\/pt-br\/wp-json\/wp\/v2\/product\/93220","targetHints":{"allow":["GET"]}}],"collection":[{"href":"https:\/\/www.3p-gmbh.de\/pt-br\/wp-json\/wp\/v2\/product"}],"about":[{"href":"https:\/\/www.3p-gmbh.de\/pt-br\/wp-json\/wp\/v2\/types\/product"}],"wp:featuredmedia":[{"embeddable":true,"href":"https:\/\/www.3p-gmbh.de\/pt-br\/wp-json\/wp\/v2\/media\/65142"}],"wp:attachment":[{"href":"https:\/\/www.3p-gmbh.de\/pt-br\/wp-json\/wp\/v2\/media?parent=93220"}],"wp:term":[{"taxonomy":"product_brand","embeddable":true,"href":"https:\/\/www.3p-gmbh.de\/pt-br\/wp-json\/wp\/v2\/product_brand?post=93220"},{"taxonomy":"product_cat","embeddable":true,"href":"https:\/\/www.3p-gmbh.de\/pt-br\/wp-json\/wp\/v2\/product_cat?post=93220"},{"taxonomy":"product_tag","embeddable":true,"href":"https:\/\/www.3p-gmbh.de\/pt-br\/wp-json\/wp\/v2\/product_tag?post=93220"}],"curies":[{"name":"wp","href":"https:\/\/api.w.org\/{rel}","templated":true}]}}