{"id":93207,"date":"2019-07-11T13:54:09","date_gmt":"2019-07-11T13:54:09","guid":{"rendered":"https:\/\/www.3p-gmbh.de\/produkt\/sistema-ctp-termico-kodak-magnus-800-totalmente-automatico\/"},"modified":"2019-07-11T13:54:09","modified_gmt":"2019-07-11T13:54:09","slug":"8-paginas-termico-ctp-full-automatico","status":"publish","type":"product","link":"https:\/\/www.3p-gmbh.de\/pt-br\/produkt\/8-paginas-termico-ctp-full-automatico\/","title":{"rendered":"Sistema CtP t\u00e9rmico Kodak Magnus 800 totalmente autom\u00e1tico"},"content":{"rendered":"<ul>\n<li>Sa\u00edda 15 placas\/hora<\/li>\n<li>Laser IR, 830 nm para processamento de placas de impress\u00e3o t\u00e9rmica<\/li>\n<li>m\u00e1ximo. Formato da chapa de impress\u00e3o 1162 x 950 mm<\/li>\n<li>min. Formato da chapa de impress\u00e3o 330 x 380 mm<\/li>\n<li>Espessura do painel de 0,15 &#8211; 0,4 mm<\/li>\n<li>Resolu\u00e7\u00e3o 2400 dpi<\/li>\n<li>Autoloader SCU com uma cassete<\/li>\n<li>pun\u00e7\u00e3o interno Autoplate 780mm<\/li>\n<li>Remo\u00e7\u00e3o de detritos (suc\u00e7\u00e3o)<\/li>\n<li>Fluxo de trabalho Prinergy<\/li>\n<li>Kodak Mercury 125 com empilhador de placas e carrinho de tabuleiros<\/li>\n<\/ul>\n","protected":false},"excerpt":{"rendered":"<p>Sa\u00edda 15 placas\/hora Laser IR, 830 nm para processamento de placas de impress\u00e3o t\u00e9rmica m\u00e1ximo. Formato da chapa de impress\u00e3o 1162 x 950 mm min. Formato da chapa de impress\u00e3o 330 x 380 mm Espessura do painel de 0,15 &#8211; 0,4 mm Resolu\u00e7\u00e3o 2400 dpi Autoloader SCU com uma cassete pun\u00e7\u00e3o interno Autoplate 780mm Remo\u00e7\u00e3o [&hellip;]<\/p>\n","protected":false},"featured_media":65175,"template":"","meta":[],"product_brand":[],"product_cat":[2865],"product_tag":[],"class_list":{"0":"post-93207","1":"product","2":"type-product","3":"status-publish","4":"has-post-thumbnail","6":"product_cat-sistemas-computadorizados-para-placas","7":"pa_baujahr-127","8":"pa_hersteller-kodak","9":"pa_typ-magnus-800","11":"first","12":"instock","13":"sold-individually","14":"taxable","15":"shipping-taxable","16":"purchasable","17":"product-type-simple"},"jetpack_sharing_enabled":true,"_links":{"self":[{"href":"https:\/\/www.3p-gmbh.de\/pt-br\/wp-json\/wp\/v2\/product\/93207","targetHints":{"allow":["GET"]}}],"collection":[{"href":"https:\/\/www.3p-gmbh.de\/pt-br\/wp-json\/wp\/v2\/product"}],"about":[{"href":"https:\/\/www.3p-gmbh.de\/pt-br\/wp-json\/wp\/v2\/types\/product"}],"wp:featuredmedia":[{"embeddable":true,"href":"https:\/\/www.3p-gmbh.de\/pt-br\/wp-json\/wp\/v2\/media\/65175"}],"wp:attachment":[{"href":"https:\/\/www.3p-gmbh.de\/pt-br\/wp-json\/wp\/v2\/media?parent=93207"}],"wp:term":[{"taxonomy":"product_brand","embeddable":true,"href":"https:\/\/www.3p-gmbh.de\/pt-br\/wp-json\/wp\/v2\/product_brand?post=93207"},{"taxonomy":"product_cat","embeddable":true,"href":"https:\/\/www.3p-gmbh.de\/pt-br\/wp-json\/wp\/v2\/product_cat?post=93207"},{"taxonomy":"product_tag","embeddable":true,"href":"https:\/\/www.3p-gmbh.de\/pt-br\/wp-json\/wp\/v2\/product_tag?post=93207"}],"curies":[{"name":"wp","href":"https:\/\/api.w.org\/{rel}","templated":true}]}}