{"id":93206,"date":"2019-07-11T13:54:09","date_gmt":"2019-07-11T13:54:09","guid":{"rendered":"https:\/\/www.3p-gmbh.de\/produkt\/sistema-ctp-termico-heidelberg-suprasetter-105\/"},"modified":"2019-07-11T13:54:09","modified_gmt":"2019-07-11T13:54:09","slug":"ctp-termica-totalmente-automatica","status":"publish","type":"product","link":"https:\/\/www.3p-gmbh.de\/pt-br\/produkt\/ctp-termica-totalmente-automatica\/","title":{"rendered":"Sistema CtP t\u00e9rmico Heidelberg Suprasetter 105"},"content":{"rendered":"<ul>\n<li>Ano de fabrico 2005<\/li>\n<li>Laser t\u00e9rmico de 830 nm para um rendimento de aprox. 18 placas de formato completo por hora<\/li>\n<li>Sistema de carregamento de uma cassete com dois carros de placas<\/li>\n<li>espa\u00e7amento interno dos furos de perfura\u00e7\u00e3o do registo Heidelberg Autoplate 780 mm<\/li>\n<li>Prinect MetaShooter<\/li>\n<li>Fluxo de trabalho do Prinect MetaDimension<\/li>\n<li>Revela\u00e7\u00e3o t\u00e9rmica Kodak Mercury 850 MK VI<\/li>\n<li>Empilhador de placas Kodak com carrinho<\/li>\n<\/ul>\n","protected":false},"excerpt":{"rendered":"<p>Ano de fabrico 2005 Laser t\u00e9rmico de 830 nm para um rendimento de aprox. 18 placas de formato completo por hora Sistema de carregamento de uma cassete com dois carros de placas espa\u00e7amento interno dos furos de perfura\u00e7\u00e3o do registo Heidelberg Autoplate 780 mm Prinect MetaShooter Fluxo de trabalho do Prinect MetaDimension Revela\u00e7\u00e3o t\u00e9rmica Kodak [&hellip;]<\/p>\n","protected":false},"featured_media":65148,"template":"","meta":[],"product_brand":[],"product_cat":[2865],"product_tag":[],"class_list":{"0":"post-93206","1":"product","2":"type-product","3":"status-publish","4":"has-post-thumbnail","6":"product_cat-sistemas-computadorizados-para-placas","7":"pa_baujahr-168","8":"pa_hersteller-heidelberg","9":"pa_typ-suprasetter-105","11":"first","12":"instock","13":"sold-individually","14":"taxable","15":"shipping-taxable","16":"purchasable","17":"product-type-simple"},"jetpack_sharing_enabled":true,"_links":{"self":[{"href":"https:\/\/www.3p-gmbh.de\/pt-br\/wp-json\/wp\/v2\/product\/93206","targetHints":{"allow":["GET"]}}],"collection":[{"href":"https:\/\/www.3p-gmbh.de\/pt-br\/wp-json\/wp\/v2\/product"}],"about":[{"href":"https:\/\/www.3p-gmbh.de\/pt-br\/wp-json\/wp\/v2\/types\/product"}],"wp:featuredmedia":[{"embeddable":true,"href":"https:\/\/www.3p-gmbh.de\/pt-br\/wp-json\/wp\/v2\/media\/65148"}],"wp:attachment":[{"href":"https:\/\/www.3p-gmbh.de\/pt-br\/wp-json\/wp\/v2\/media?parent=93206"}],"wp:term":[{"taxonomy":"product_brand","embeddable":true,"href":"https:\/\/www.3p-gmbh.de\/pt-br\/wp-json\/wp\/v2\/product_brand?post=93206"},{"taxonomy":"product_cat","embeddable":true,"href":"https:\/\/www.3p-gmbh.de\/pt-br\/wp-json\/wp\/v2\/product_cat?post=93206"},{"taxonomy":"product_tag","embeddable":true,"href":"https:\/\/www.3p-gmbh.de\/pt-br\/wp-json\/wp\/v2\/product_tag?post=93206"}],"curies":[{"name":"wp","href":"https:\/\/api.w.org\/{rel}","templated":true}]}}