{"id":93200,"date":"2019-07-11T13:54:09","date_gmt":"2019-07-11T13:54:09","guid":{"rendered":"https:\/\/www.3p-gmbh.de\/produkt\/gravadora-de-chapas-de-poliester-dpx-4-da-esko\/"},"modified":"2019-07-11T13:54:09","modified_gmt":"2019-07-11T13:54:09","slug":"gravador-de-chapas-de-poliester","status":"publish","type":"product","link":"https:\/\/www.3p-gmbh.de\/pt-br\/produkt\/gravador-de-chapas-de-poliester\/","title":{"rendered":"Gravadora de chapas de poli\u00e9ster DPX-4 da Esko"},"content":{"rendered":"<ul>\n<li>Sistema: CTP de tambor interior, totalmente autom\u00e1tico<\/li>\n<li>Velocidade: 27 pratos\/hora a 2.540 dpi<\/li>\n<li>Chapas de impress\u00e3o: Chapas de poli\u00e9ster Mitsubishi Silver Digiplate<\/li>\n<li>Formato do painel: m\u00e1x. 680 x 750 mm<\/li>\n<li>Formato de exposi\u00e7\u00e3o: m\u00e1x. 654 x 747 mm<\/li>\n<li>Pun\u00e7\u00e3o integrado Bacher 2000, 425 mm<\/li>\n<li>Laser: D\u00edodo laser de luz vermelha, 670 nm<\/li>\n<li>Tamanho do ponto: 10 &#8211; 26 \u00b5m<\/li>\n<li>Resolu\u00e7\u00e3o: 1.200 &#8211; 3.000 dpi<\/li>\n<li>Repetibilidade: 0,0075 mm de imagem impressa para imagem impressa<\/li>\n<li>Unidade de desenvolvimento: empreendimento integrado de 2 casas de banho<\/li>\n<li>Secador: integrado<\/li>\n<li>Cassetes de material: 2<\/li>\n<li>Software RIP: RipMate, baseado na vers\u00e3o Harlequin Genesis<\/li>\n<li>Soco: soco na cabe\u00e7a e\/ou lateral<\/li>\n<\/ul>\n","protected":false},"excerpt":{"rendered":"<p>Sistema: CTP de tambor interior, totalmente autom\u00e1tico Velocidade: 27 pratos\/hora a 2.540 dpi Chapas de impress\u00e3o: Chapas de poli\u00e9ster Mitsubishi Silver Digiplate Formato do painel: m\u00e1x. 680 x 750 mm Formato de exposi\u00e7\u00e3o: m\u00e1x. 654 x 747 mm Pun\u00e7\u00e3o integrado Bacher 2000, 425 mm Laser: D\u00edodo laser de luz vermelha, 670 nm Tamanho do ponto: [&hellip;]<\/p>\n","protected":false},"featured_media":71337,"template":"","meta":[],"product_brand":[],"product_cat":[2865],"product_tag":[],"class_list":{"0":"post-93200","1":"product","2":"type-product","3":"status-publish","4":"has-post-thumbnail","6":"product_cat-sistemas-computadorizados-para-placas","7":"pa_baujahr-198","8":"pa_hersteller-mitsubishi-esko","9":"pa_typ-dpx-4","11":"first","12":"instock","13":"sold-individually","14":"taxable","15":"shipping-taxable","16":"purchasable","17":"product-type-simple"},"jetpack_sharing_enabled":true,"_links":{"self":[{"href":"https:\/\/www.3p-gmbh.de\/pt-br\/wp-json\/wp\/v2\/product\/93200","targetHints":{"allow":["GET"]}}],"collection":[{"href":"https:\/\/www.3p-gmbh.de\/pt-br\/wp-json\/wp\/v2\/product"}],"about":[{"href":"https:\/\/www.3p-gmbh.de\/pt-br\/wp-json\/wp\/v2\/types\/product"}],"wp:featuredmedia":[{"embeddable":true,"href":"https:\/\/www.3p-gmbh.de\/pt-br\/wp-json\/wp\/v2\/media\/71337"}],"wp:attachment":[{"href":"https:\/\/www.3p-gmbh.de\/pt-br\/wp-json\/wp\/v2\/media?parent=93200"}],"wp:term":[{"taxonomy":"product_brand","embeddable":true,"href":"https:\/\/www.3p-gmbh.de\/pt-br\/wp-json\/wp\/v2\/product_brand?post=93200"},{"taxonomy":"product_cat","embeddable":true,"href":"https:\/\/www.3p-gmbh.de\/pt-br\/wp-json\/wp\/v2\/product_cat?post=93200"},{"taxonomy":"product_tag","embeddable":true,"href":"https:\/\/www.3p-gmbh.de\/pt-br\/wp-json\/wp\/v2\/product_tag?post=93200"}],"curies":[{"name":"wp","href":"https:\/\/api.w.org\/{rel}","templated":true}]}}