{"id":93165,"date":"2019-07-11T13:53:23","date_gmt":"2019-07-11T13:53:23","guid":{"rendered":"https:\/\/www.3p-gmbh.de\/produkt\/unidade-de-impressao-numeracao-heidelberg-sm-52\/"},"modified":"2019-07-11T13:53:23","modified_gmt":"2019-07-11T13:53:23","slug":"numero-de-impressao-sm-52","status":"publish","type":"product","link":"https:\/\/www.3p-gmbh.de\/pt-br\/produkt\/numero-de-impressao-sm-52\/","title":{"rendered":"Unidade de impress\u00e3o\/numera\u00e7\u00e3o Heidelberg SM 52"},"content":{"rendered":"<p>Unidade de impress\u00e3o para numera\u00e7\u00e3o para as vers\u00f5es Heidelberg Speedmaster SM 52 Plus, composta por<\/p>\n<ul>\n<li>1 caixa de pintura com rolos de pintura<\/li>\n<li>1 Eixo do numerador<\/li>\n<li>2 an\u00e9is de assento<\/li>\n<li>4 unidades de numera\u00e7\u00e3o \u00e0 escolha (contagem para a frente ou para tr\u00e1s, em sentido longitudinal ou transversal)<\/li>\n<li>1 Medidor de dist\u00e2ncia<\/li>\n<li>2 Portador de clich\u00e9s<\/li>\n<li>1 Bra\u00e7o de comuta\u00e7\u00e3o simples<\/li>\n<li>1 Bra\u00e7o de comuta\u00e7\u00e3o duplo<\/li>\n<li>V\u00e1rias placas de guia<\/li>\n<\/ul>\n","protected":false},"excerpt":{"rendered":"<p>Unidade de impress\u00e3o para numera\u00e7\u00e3o para as vers\u00f5es Heidelberg Speedmaster SM 52 Plus, composta por 1 caixa de pintura com rolos de pintura 1 Eixo do numerador 2 an\u00e9is de assento 4 unidades de numera\u00e7\u00e3o \u00e0 escolha (contagem para a frente ou para tr\u00e1s, em sentido longitudinal ou transversal) 1 Medidor de dist\u00e2ncia 2 Portador [&hellip;]<\/p>\n","protected":false},"featured_media":64596,"template":"","meta":[],"product_brand":[],"product_cat":[2898],"product_tag":[],"class_list":{"0":"post-93165","1":"product","2":"type-product","3":"status-publish","4":"has-post-thumbnail","6":"product_cat-acessorios-e-pecas-sobressalentes-para-prensas","7":"pa_baujahr-198","8":"pa_hersteller-heidelberg","9":"pa_typ-leibinger","11":"first","12":"instock","13":"sold-individually","14":"taxable","15":"shipping-taxable","16":"purchasable","17":"product-type-simple"},"jetpack_sharing_enabled":true,"_links":{"self":[{"href":"https:\/\/www.3p-gmbh.de\/pt-br\/wp-json\/wp\/v2\/product\/93165","targetHints":{"allow":["GET"]}}],"collection":[{"href":"https:\/\/www.3p-gmbh.de\/pt-br\/wp-json\/wp\/v2\/product"}],"about":[{"href":"https:\/\/www.3p-gmbh.de\/pt-br\/wp-json\/wp\/v2\/types\/product"}],"wp:featuredmedia":[{"embeddable":true,"href":"https:\/\/www.3p-gmbh.de\/pt-br\/wp-json\/wp\/v2\/media\/64596"}],"wp:attachment":[{"href":"https:\/\/www.3p-gmbh.de\/pt-br\/wp-json\/wp\/v2\/media?parent=93165"}],"wp:term":[{"taxonomy":"product_brand","embeddable":true,"href":"https:\/\/www.3p-gmbh.de\/pt-br\/wp-json\/wp\/v2\/product_brand?post=93165"},{"taxonomy":"product_cat","embeddable":true,"href":"https:\/\/www.3p-gmbh.de\/pt-br\/wp-json\/wp\/v2\/product_cat?post=93165"},{"taxonomy":"product_tag","embeddable":true,"href":"https:\/\/www.3p-gmbh.de\/pt-br\/wp-json\/wp\/v2\/product_tag?post=93165"}],"curies":[{"name":"wp","href":"https:\/\/api.w.org\/{rel}","templated":true}]}}