{"id":93164,"date":"2019-07-11T13:53:23","date_gmt":"2019-07-11T13:53:23","guid":{"rendered":"https:\/\/www.3p-gmbh.de\/produkt\/armario-de-gavetas-megastahl-modelo-vii\/"},"modified":"2019-07-11T13:53:23","modified_gmt":"2019-07-11T13:53:23","slug":"armario-de-gavetas","status":"publish","type":"product","link":"https:\/\/www.3p-gmbh.de\/pt-br\/produkt\/armario-de-gavetas\/","title":{"rendered":"Arm\u00e1rio de gavetas Megastahl modelo VII"},"content":{"rendered":"<ul>\n<li>Constru\u00e7\u00e3o comprovadamente robusta em a\u00e7o com gavetas adequadas ao formato<\/li>\n<li>Guias com rolamentos de esferas de elevada capacidade de carga<\/li>\n<li>9 gavetas, cada uma com cerca de 8 cm de altura, com dimens\u00f5es \u00fateis de cerca de 1200 x 1650 mm<\/li>\n<\/ul>\n","protected":false},"excerpt":{"rendered":"<p>Constru\u00e7\u00e3o comprovadamente robusta em a\u00e7o com gavetas adequadas ao formato Guias com rolamentos de esferas de elevada capacidade de carga 9 gavetas, cada uma com cerca de 8 cm de altura, com dimens\u00f5es \u00fateis de cerca de 1200 x 1650 mm<\/p>\n","protected":false},"featured_media":64593,"template":"","meta":[],"product_brand":[],"product_cat":[2923],"product_tag":[],"class_list":{"0":"post-93164","1":"product","2":"type-product","3":"status-publish","4":"has-post-thumbnail","6":"product_cat-tecnologia-de-armazenamento","7":"pa_baujahr-127","8":"pa_hersteller-mega-stahl","9":"pa_typ-modell-vii","11":"first","12":"instock","13":"sold-individually","14":"taxable","15":"shipping-taxable","16":"purchasable","17":"product-type-simple"},"jetpack_sharing_enabled":true,"_links":{"self":[{"href":"https:\/\/www.3p-gmbh.de\/pt-br\/wp-json\/wp\/v2\/product\/93164","targetHints":{"allow":["GET"]}}],"collection":[{"href":"https:\/\/www.3p-gmbh.de\/pt-br\/wp-json\/wp\/v2\/product"}],"about":[{"href":"https:\/\/www.3p-gmbh.de\/pt-br\/wp-json\/wp\/v2\/types\/product"}],"wp:featuredmedia":[{"embeddable":true,"href":"https:\/\/www.3p-gmbh.de\/pt-br\/wp-json\/wp\/v2\/media\/64593"}],"wp:attachment":[{"href":"https:\/\/www.3p-gmbh.de\/pt-br\/wp-json\/wp\/v2\/media?parent=93164"}],"wp:term":[{"taxonomy":"product_brand","embeddable":true,"href":"https:\/\/www.3p-gmbh.de\/pt-br\/wp-json\/wp\/v2\/product_brand?post=93164"},{"taxonomy":"product_cat","embeddable":true,"href":"https:\/\/www.3p-gmbh.de\/pt-br\/wp-json\/wp\/v2\/product_cat?post=93164"},{"taxonomy":"product_tag","embeddable":true,"href":"https:\/\/www.3p-gmbh.de\/pt-br\/wp-json\/wp\/v2\/product_tag?post=93164"}],"curies":[{"name":"wp","href":"https:\/\/api.w.org\/{rel}","templated":true}]}}