{"id":93161,"date":"2019-07-11T13:54:18","date_gmt":"2019-07-11T13:54:18","guid":{"rendered":"https:\/\/www.3p-gmbh.de\/produkt\/heidelberg-delta-rip\/"},"modified":"2019-07-11T13:54:18","modified_gmt":"2019-07-11T13:54:18","slug":"delta-rip","status":"publish","type":"product","link":"https:\/\/www.3p-gmbh.de\/pt-br\/produkt\/delta-rip\/","title":{"rendered":"Heidelberg Delta Rip"},"content":{"rendered":"<ul>\n<li>v\u00e1rias activa\u00e7\u00f5es<\/li>\n<li>Apenas dongle Delta e pacote de software<\/li>\n<\/ul>\n","protected":false},"excerpt":{"rendered":"<p>v\u00e1rias activa\u00e7\u00f5es Apenas dongle Delta e pacote de software<\/p>\n","protected":false},"featured_media":65229,"template":"","meta":[],"product_brand":[],"product_cat":[3007],"product_tag":[],"class_list":{"0":"post-93161","1":"product","2":"type-product","3":"status-publish","4":"has-post-thumbnail","6":"product_cat-software-de-pre-impressao","7":"pa_hersteller-heidelberg","8":"pa_typ-delta-8-x","10":"first","11":"instock","12":"sold-individually","13":"taxable","14":"shipping-taxable","15":"purchasable","16":"product-type-simple"},"jetpack_sharing_enabled":true,"_links":{"self":[{"href":"https:\/\/www.3p-gmbh.de\/pt-br\/wp-json\/wp\/v2\/product\/93161","targetHints":{"allow":["GET"]}}],"collection":[{"href":"https:\/\/www.3p-gmbh.de\/pt-br\/wp-json\/wp\/v2\/product"}],"about":[{"href":"https:\/\/www.3p-gmbh.de\/pt-br\/wp-json\/wp\/v2\/types\/product"}],"wp:featuredmedia":[{"embeddable":true,"href":"https:\/\/www.3p-gmbh.de\/pt-br\/wp-json\/wp\/v2\/media\/65229"}],"wp:attachment":[{"href":"https:\/\/www.3p-gmbh.de\/pt-br\/wp-json\/wp\/v2\/media?parent=93161"}],"wp:term":[{"taxonomy":"product_brand","embeddable":true,"href":"https:\/\/www.3p-gmbh.de\/pt-br\/wp-json\/wp\/v2\/product_brand?post=93161"},{"taxonomy":"product_cat","embeddable":true,"href":"https:\/\/www.3p-gmbh.de\/pt-br\/wp-json\/wp\/v2\/product_cat?post=93161"},{"taxonomy":"product_tag","embeddable":true,"href":"https:\/\/www.3p-gmbh.de\/pt-br\/wp-json\/wp\/v2\/product_tag?post=93161"}],"curies":[{"name":"wp","href":"https:\/\/api.w.org\/{rel}","templated":true}]}}