{"id":93148,"date":"2019-07-11T13:53:31","date_gmt":"2019-07-11T13:53:31","guid":{"rendered":"https:\/\/www.3p-gmbh.de\/produkt\/catraca-pb-s-40-placa-de-pressao-dobravel\/"},"modified":"2019-07-11T13:53:31","modified_gmt":"2019-07-11T13:53:31","slug":"dobrador-de-placas-de-pressao","status":"publish","type":"product","link":"https:\/\/www.3p-gmbh.de\/pt-br\/produkt\/dobrador-de-placas-de-pressao\/","title":{"rendered":"Catraca PB S 40 Placa de press\u00e3o dobr\u00e1vel"},"content":{"rendered":"<ul>\n<li>Modelo de ch\u00e3o<\/li>\n<li>Largura da chapa de impress\u00e3o at\u00e9 1055 mm<\/li>\n<li>Vers\u00e3o de mesa inclinada<\/li>\n<li>Desbloqueio manual atrav\u00e9s de alavanca<\/li>\n<li>Altura de trabalho ergon\u00f3mica<\/li>\n<li>Geometria de dobragem para prensas Komori Lithrone<\/li>\n<li>Remo\u00e7\u00e3o da placa de impress\u00e3o atrav\u00e9s da ranhura de remo\u00e7\u00e3o<\/li>\n<li>Fixa\u00e7\u00e3o da chapa de impress\u00e3o atrav\u00e9s de barras de fixa\u00e7\u00e3o revestidas a borracha<\/li>\n<li>Constru\u00e7\u00e3o de qualidade robusta para maior durabilidade<\/li>\n<li>As pe\u00e7as do produto s\u00e3o fabricadas com materiais de alta qualidade<\/li>\n<\/ul>\n","protected":false},"excerpt":{"rendered":"<p>Modelo de ch\u00e3o Largura da chapa de impress\u00e3o at\u00e9 1055 mm Vers\u00e3o de mesa inclinada Desbloqueio manual atrav\u00e9s de alavanca Altura de trabalho ergon\u00f3mica Geometria de dobragem para prensas Komori Lithrone Remo\u00e7\u00e3o da placa de impress\u00e3o atrav\u00e9s da ranhura de remo\u00e7\u00e3o Fixa\u00e7\u00e3o da chapa de impress\u00e3o atrav\u00e9s de barras de fixa\u00e7\u00e3o revestidas a borracha Constru\u00e7\u00e3o [&hellip;]<\/p>\n","protected":false},"featured_media":64656,"template":"","meta":[],"product_brand":[],"product_cat":[2898],"product_tag":[],"class_list":{"0":"post-93148","1":"product","2":"type-product","3":"status-publish","4":"has-post-thumbnail","6":"product_cat-acessorios-e-pecas-sobressalentes-para-prensas","7":"pa_baujahr-205","8":"pa_hersteller-beil-komori-lithrone","9":"pa_typ-pb-s40-hbm","11":"first","12":"instock","13":"sold-individually","14":"taxable","15":"shipping-taxable","16":"purchasable","17":"product-type-simple"},"jetpack_sharing_enabled":true,"_links":{"self":[{"href":"https:\/\/www.3p-gmbh.de\/pt-br\/wp-json\/wp\/v2\/product\/93148","targetHints":{"allow":["GET"]}}],"collection":[{"href":"https:\/\/www.3p-gmbh.de\/pt-br\/wp-json\/wp\/v2\/product"}],"about":[{"href":"https:\/\/www.3p-gmbh.de\/pt-br\/wp-json\/wp\/v2\/types\/product"}],"wp:featuredmedia":[{"embeddable":true,"href":"https:\/\/www.3p-gmbh.de\/pt-br\/wp-json\/wp\/v2\/media\/64656"}],"wp:attachment":[{"href":"https:\/\/www.3p-gmbh.de\/pt-br\/wp-json\/wp\/v2\/media?parent=93148"}],"wp:term":[{"taxonomy":"product_brand","embeddable":true,"href":"https:\/\/www.3p-gmbh.de\/pt-br\/wp-json\/wp\/v2\/product_brand?post=93148"},{"taxonomy":"product_cat","embeddable":true,"href":"https:\/\/www.3p-gmbh.de\/pt-br\/wp-json\/wp\/v2\/product_cat?post=93148"},{"taxonomy":"product_tag","embeddable":true,"href":"https:\/\/www.3p-gmbh.de\/pt-br\/wp-json\/wp\/v2\/product_tag?post=93148"}],"curies":[{"name":"wp","href":"https:\/\/api.w.org\/{rel}","templated":true}]}}