{"id":93142,"date":"2019-07-11T13:53:31","date_gmt":"2019-07-11T13:53:31","guid":{"rendered":"https:\/\/www.3p-gmbh.de\/produkt\/calhas-de-libertacao-rapida-da-manta-de-borracha-da-heidelberg\/"},"modified":"2019-07-11T13:53:31","modified_gmt":"2019-07-11T13:53:31","slug":"mandris-de-acao-rapida-com-manta-de-borracha","status":"publish","type":"product","link":"https:\/\/www.3p-gmbh.de\/pt-br\/produkt\/mandris-de-acao-rapida-com-manta-de-borracha\/","title":{"rendered":"Calhas de liberta\u00e7\u00e3o r\u00e1pida da manta de borracha da Heidelberg"},"content":{"rendered":"<p>como novo, para Heidelberg SM 52<\/p>\n","protected":false},"excerpt":{"rendered":"<p>como novo, para Heidelberg SM 52<\/p>\n","protected":false},"featured_media":74178,"template":"","meta":[],"product_brand":[],"product_cat":[2898],"product_tag":[],"class_list":{"0":"post-93142","1":"product","2":"type-product","3":"status-publish","4":"has-post-thumbnail","6":"product_cat-acessorios-e-pecas-sobressalentes-para-prensas","7":"pa_hersteller-heidelberg","8":"pa_typ-sm-52","10":"first","11":"instock","12":"sold-individually","13":"taxable","14":"shipping-taxable","15":"purchasable","16":"product-type-simple"},"jetpack_sharing_enabled":true,"_links":{"self":[{"href":"https:\/\/www.3p-gmbh.de\/pt-br\/wp-json\/wp\/v2\/product\/93142","targetHints":{"allow":["GET"]}}],"collection":[{"href":"https:\/\/www.3p-gmbh.de\/pt-br\/wp-json\/wp\/v2\/product"}],"about":[{"href":"https:\/\/www.3p-gmbh.de\/pt-br\/wp-json\/wp\/v2\/types\/product"}],"wp:featuredmedia":[{"embeddable":true,"href":"https:\/\/www.3p-gmbh.de\/pt-br\/wp-json\/wp\/v2\/media\/74178"}],"wp:attachment":[{"href":"https:\/\/www.3p-gmbh.de\/pt-br\/wp-json\/wp\/v2\/media?parent=93142"}],"wp:term":[{"taxonomy":"product_brand","embeddable":true,"href":"https:\/\/www.3p-gmbh.de\/pt-br\/wp-json\/wp\/v2\/product_brand?post=93142"},{"taxonomy":"product_cat","embeddable":true,"href":"https:\/\/www.3p-gmbh.de\/pt-br\/wp-json\/wp\/v2\/product_cat?post=93142"},{"taxonomy":"product_tag","embeddable":true,"href":"https:\/\/www.3p-gmbh.de\/pt-br\/wp-json\/wp\/v2\/product_tag?post=93142"}],"curies":[{"name":"wp","href":"https:\/\/api.w.org\/{rel}","templated":true}]}}